{"id":1360,"date":"2022-07-09T05:31:33","date_gmt":"2022-07-09T05:31:33","guid":{"rendered":"http:\/\/dr-abbaszadeh.com\/uber-uns\/"},"modified":"2022-07-09T05:37:18","modified_gmt":"2022-07-09T05:37:18","slug":"uber-uns","status":"publish","type":"page","link":"https:\/\/dr-abbaszadeh.com\/de\/uber-uns\/","title":{"rendered":"\u00dcber uns"},"content":{"rendered":"\t\t<div data-elementor-type=\"wp-page\" data-elementor-id=\"1360\" class=\"elementor elementor-1360\" data-elementor-settings=\"[]\">\n\t\t\t\t\t\t\t<div class=\"elementor-section-wrap\">\n\t\t\t\t\t\t\t<section class=\"elementor-section elementor-top-section elementor-element elementor-element-80b4439 elementor-section-stretched elementor-section-boxed elementor-section-height-default elementor-section-height-default\" data-id=\"80b4439\" data-element_type=\"section\" data-settings=\"{&quot;stretch_section&quot;:&quot;section-stretched&quot;}\">\n\t\t\t\t\t\t<div class=\"elementor-container elementor-column-gap-default\">\n\t\t\t\t\t<div class=\"elementor-column elementor-col-100 elementor-top-column elementor-element elementor-element-a2e96cb\" data-id=\"a2e96cb\" data-element_type=\"column\">\n\t\t\t<div class=\"elementor-widget-wrap elementor-element-populated\">\n\t\t\t\t\t\t\t\t<div class=\"elementor-element elementor-element-3f3bae3 elementor-widget elementor-widget-heading\" data-id=\"3f3bae3\" data-element_type=\"widget\" data-widget_type=\"heading.default\">\n\t\t\t\t<div class=\"elementor-widget-container\">\n\t\t\t<style>\/*! elementor - v3.5.3 - 28-12-2021 *\/\n.elementor-heading-title{padding:0;margin:0;line-height:1}.elementor-widget-heading .elementor-heading-title[class*=elementor-size-]>a{color:inherit;font-size:inherit;line-height:inherit}.elementor-widget-heading .elementor-heading-title.elementor-size-small{font-size:15px}.elementor-widget-heading .elementor-heading-title.elementor-size-medium{font-size:19px}.elementor-widget-heading .elementor-heading-title.elementor-size-large{font-size:29px}.elementor-widget-heading .elementor-heading-title.elementor-size-xl{font-size:39px}.elementor-widget-heading .elementor-heading-title.elementor-size-xxl{font-size:59px}<\/style><h3 class=\"elementor-heading-title elementor-size-default\">\u00dcber uns:<\/h3>\t\t<\/div>\n\t\t\t\t<\/div>\n\t\t\t\t<div class=\"elementor-element elementor-element-4bdb0ba elementor-widget elementor-widget-text-editor\" data-id=\"4bdb0ba\" data-element_type=\"widget\" data-widget_type=\"text-editor.default\">\n\t\t\t\t<div class=\"elementor-widget-container\">\n\t\t\t<style>\/*! elementor - v3.5.3 - 28-12-2021 *\/\n.elementor-widget-text-editor.elementor-drop-cap-view-stacked .elementor-drop-cap{background-color:#818a91;color:#fff}.elementor-widget-text-editor.elementor-drop-cap-view-framed .elementor-drop-cap{color:#818a91;border:3px solid;background-color:transparent}.elementor-widget-text-editor:not(.elementor-drop-cap-view-default) .elementor-drop-cap{margin-top:8px}.elementor-widget-text-editor:not(.elementor-drop-cap-view-default) .elementor-drop-cap-letter{width:1em;height:1em}.elementor-widget-text-editor .elementor-drop-cap{float:left;text-align:center;line-height:1;font-size:50px}.elementor-widget-text-editor .elementor-drop-cap-letter{display:inline-block}<\/style>\t\t\t\t<p>Vor Jahren haben wir unsere ersten Schritte in Richtung medizinischer Versorgung unternommen.<br \/>Durch unsere Konzentration auf dem Gesundheitssektor, sind wir heute in der Lage medizinische Dienstleitungen in mehreren medizinischen Zentren, Kliniken und Krankenh\u00e4usern in Istanbul zur Verf\u00fcgung zu stellen.<\/p><p>In kurzer Zeit haben wir mit modernsten Technologien und unserer fachm\u00e4nnischen Arbeit in den Bereichen<\/p><p>&#8211; Haartransplantation<br \/>&#8211; plastische Chirurgie und medizinische \u00c4sthetik<br \/>&#8211; zahn\u00e4rztliche Implantologie und andere zahn\u00e4rztliche F\u00e4lle <br \/>&#8211; sowie in Adipositas- und Diabetesoperationen wie ( Magenchirurgie, Celio-Gastrektomie und andere Operationen Magen) <br \/>&#8211; chirurgische und onkologische Diagnose und Behandlung aller Krebsarten<\/p><p>Wir arbeiten in den besten Krankenh\u00e4usern mit den erfahrensten \u00c4rzten, Spezialisten und Subspezialisten sowie weiterem medizinischen Personal.<\/p><p>Gem\u00e4\u00df den Untersuchungen, die wir in vielen L\u00e4ndern durchgef\u00fchrt haben, darunter die Vereinigten Staaten von Amerika, Kanada, Australien, Europa, Russland, Indien, L\u00e4nder des Nahen Ostens und China, sind wir in der Lage <br \/>oben aufgef\u00fchrte Dienstleistungen in bester Qualit\u00e4t anzubieten. Wir geh\u00f6ren zu den F\u00fchrenden Anbietern der Welt. Wir sind stolz darauf, diese Dienstleistungen in h\u00f6chster Qualit\u00e4t und zum g\u00fcnstigsten Preis in einer Stadt wie Istanbul anbieten zu k\u00f6nnen, die eine der geschichtstr\u00e4chtigsten und sch\u00f6nsten Metropolen der Welt ist. Wir bieten in unseren Gesundheitsdiensten die besten verf\u00fcgbaren Standards und gehen Behandlung und Diagnose aus einer multidisziplin\u00e4ren Perspektive an.<\/p><p>Weitere Leistungen:<br \/>Unser Support-Team k\u00fcmmert sich um Patienten, die aus dem Ausland kommen, mit Reisetickets, Transfers zwischen dem Flughafen und dem Hotel, Hotelauswahl und -reservierungen und anderen Angelegenheiten rund um den Aufenthalt. Somit stellen wir sicher das Patienten aus aller Welt die sch\u00f6nste und historischste Stadt stressfrei und sicher besuchen k\u00f6nnen. <br \/>Unser Ziel ist es, in Istanbul einen Standort f\u00fcr medizinische Versorgung zu schaffen, der in der Welt der medizinischen Wissenschaft anerkannt ist.<\/p><p>Wir wissen, dass Gesundheit mehr wert ist als alles andere, deshalb stellen wir Ihnen das beste Behandlungspersonal zur Verf\u00fcgung.<\/p>\t\t\t\t\t\t<\/div>\n\t\t\t\t<\/div>\n\t\t\t\t<div class=\"elementor-element elementor-element-54b9d44 elementor-widget-divider--view-line elementor-widget elementor-widget-divider\" data-id=\"54b9d44\" data-element_type=\"widget\" data-widget_type=\"divider.default\">\n\t\t\t\t<div class=\"elementor-widget-container\">\n\t\t\t<style>\/*! elementor - v3.5.3 - 28-12-2021 *\/\n.elementor-widget-divider{--divider-border-style:none;--divider-border-width:1px;--divider-color:#2c2c2c;--divider-icon-size:20px;--divider-element-spacing:10px;--divider-pattern-height:24px;--divider-pattern-size:20px;--divider-pattern-url:none;--divider-pattern-repeat:repeat-x}.elementor-widget-divider .elementor-divider{display:-webkit-box;display:-ms-flexbox;display:flex}.elementor-widget-divider .elementor-divider__text{font-size:15px;line-height:1;max-width:95%}.elementor-widget-divider .elementor-divider__element{margin:0 var(--divider-element-spacing);-ms-flex-negative:0;flex-shrink:0}.elementor-widget-divider .elementor-icon{font-size:var(--divider-icon-size)}.elementor-widget-divider .elementor-divider-separator{display:-webkit-box;display:-ms-flexbox;display:flex;margin:0;direction:ltr}.elementor-widget-divider--view-line_icon .elementor-divider-separator,.elementor-widget-divider--view-line_text .elementor-divider-separator{-webkit-box-align:center;-ms-flex-align:center;align-items:center}.elementor-widget-divider--view-line_icon .elementor-divider-separator:after,.elementor-widget-divider--view-line_icon .elementor-divider-separator:before,.elementor-widget-divider--view-line_text .elementor-divider-separator:after,.elementor-widget-divider--view-line_text .elementor-divider-separator:before{display:block;content:\"\";border-bottom:0;-webkit-box-flex:1;-ms-flex-positive:1;flex-grow:1;border-top:var(--divider-border-width) var(--divider-border-style) var(--divider-color)}.elementor-widget-divider--element-align-left .elementor-divider .elementor-divider-separator>.elementor-divider__svg:first-of-type{-webkit-box-flex:0;-ms-flex-positive:0;flex-grow:0;-ms-flex-negative:100;flex-shrink:100}.elementor-widget-divider--element-align-left .elementor-divider-separator:before{content:none}.elementor-widget-divider--element-align-left .elementor-divider__element{margin-left:0}.elementor-widget-divider--element-align-right .elementor-divider .elementor-divider-separator>.elementor-divider__svg:last-of-type{-webkit-box-flex:0;-ms-flex-positive:0;flex-grow:0;-ms-flex-negative:100;flex-shrink:100}.elementor-widget-divider--element-align-right .elementor-divider-separator:after{content:none}.elementor-widget-divider--element-align-right .elementor-divider__element{margin-right:0}.elementor-widget-divider:not(.elementor-widget-divider--view-line_text):not(.elementor-widget-divider--view-line_icon) .elementor-divider-separator{border-top:var(--divider-border-width) var(--divider-border-style) var(--divider-color)}.elementor-widget-divider--separator-type-pattern{--divider-border-style:none}.elementor-widget-divider--separator-type-pattern.elementor-widget-divider--view-line .elementor-divider-separator,.elementor-widget-divider--separator-type-pattern:not(.elementor-widget-divider--view-line) .elementor-divider-separator:after,.elementor-widget-divider--separator-type-pattern:not(.elementor-widget-divider--view-line) .elementor-divider-separator:before,.elementor-widget-divider--separator-type-pattern:not([class*=elementor-widget-divider--view]) .elementor-divider-separator{width:100%;min-height:var(--divider-pattern-height);-webkit-mask-size:var(--divider-pattern-size) 100%;mask-size:var(--divider-pattern-size) 100%;-webkit-mask-repeat:var(--divider-pattern-repeat);mask-repeat:var(--divider-pattern-repeat);background-color:var(--divider-color);-webkit-mask-image:var(--divider-pattern-url);mask-image:var(--divider-pattern-url)}.elementor-widget-divider--no-spacing{--divider-pattern-size:auto}.elementor-widget-divider--bg-round{--divider-pattern-repeat:round}.rtl .elementor-widget-divider .elementor-divider__text{direction:rtl}<\/style>\t\t<div class=\"elementor-divider\">\n\t\t\t<span class=\"elementor-divider-separator\">\n\t\t\t\t\t\t<\/span>\n\t\t<\/div>\n\t\t\t\t<\/div>\n\t\t\t\t<\/div>\n\t\t\t\t\t<\/div>\n\t\t<\/div>\n\t\t\t\t\t\t\t<\/div>\n\t\t<\/section>\n\t\t\t\t<section class=\"elementor-section elementor-top-section elementor-element elementor-element-f9eddde elementor-section-content-middle elementor-section-stretched elementor-section-boxed elementor-section-height-default elementor-section-height-default\" data-id=\"f9eddde\" data-element_type=\"section\" data-settings=\"{&quot;stretch_section&quot;:&quot;section-stretched&quot;}\">\n\t\t\t\t\t\t<div class=\"elementor-container elementor-column-gap-default\">\n\t\t\t\t\t<div class=\"elementor-column elementor-col-66 elementor-top-column elementor-element elementor-element-1040ad6\" data-id=\"1040ad6\" data-element_type=\"column\">\n\t\t\t<div class=\"elementor-widget-wrap elementor-element-populated\">\n\t\t\t\t\t\t\t\t<div class=\"elementor-element elementor-element-aa22e88 elementor-widget elementor-widget-heading\" data-id=\"aa22e88\" data-element_type=\"widget\" data-widget_type=\"heading.default\">\n\t\t\t\t<div class=\"elementor-widget-container\">\n\t\t\t<h3 class=\"elementor-heading-title elementor-size-default\">\u00dcber mich:\n<\/h3>\t\t<\/div>\n\t\t\t\t<\/div>\n\t\t\t\t<div class=\"elementor-element elementor-element-bc22820 elementor-widget elementor-widget-text-editor\" data-id=\"bc22820\" data-element_type=\"widget\" data-widget_type=\"text-editor.default\">\n\t\t\t\t<div class=\"elementor-widget-container\">\n\t\t\t\t\t\t\t<p>Mein Name ist Dr. Hamid Abbaszadeh, ich bin Spezialist f\u00fcr Radiologie mit Ausbildung in Amerika und der T\u00fcrkei.<\/p><p>Ich bin Absolvent der Medizinischen Fakult\u00e4t der Universit\u00e4t Istanbul. Meine klinische Ausbildung habe ich in den Vereinigten Staaten von Amerika mit Zertifikat absolviert.<\/p><p>Aufgrund meines Wunsches mich in der Radiologie zu spezialisieren habe ich an einer Reihe von Kursen \u00fcber die verschiedenen Fachthemen der Radiologie teilgenommen.<\/p><p>Nachdem ich die Zertifikate aus den USA und Kalifornien erhalten hatte, arbeitete ich 2 Jahre lang an der Uniklinik Sonographie- und Doppler-Apteilung in Kalifornien.<\/p><p>Im Anschluss arbeitete ich 8 Jahre lang am Sutter General Hospital und Sutter Memorial Hospital, das eines der ber\u00fchmtesten Krankenh\u00e4user in Kalifornien ist.<\/p><p>Nach jahrelanger Ausbildung und Arbeit in den Bundesstaaten Kalifornien und Washington und dem Erwerb der Zertifikate im Fachbereich Radiologie, bin ich in die T\u00fcrkei zur\u00fcckgekehrt.<\/p><p>Dort arbeitete ich zwei Jahre in der Radiologie-Abteilung der Medizinischen Fakult\u00e4t der Universit\u00e4t Istanbul.<\/p><p>Seit 2015 arbeite ich an einer Universit\u00e4t in Istanbul als Assistenzprofessor f\u00fcr Radiologie und unterrichte gleichzeitig in zwei privaten medizinischen und chirurgischen Zentren in Istanbul.<\/p>\t\t\t\t\t\t<\/div>\n\t\t\t\t<\/div>\n\t\t\t\t\t<\/div>\n\t\t<\/div>\n\t\t\t\t<div class=\"elementor-column elementor-col-33 elementor-top-column elementor-element elementor-element-63086ee\" data-id=\"63086ee\" data-element_type=\"column\">\n\t\t\t<div class=\"elementor-widget-wrap elementor-element-populated\">\n\t\t\t\t\t\t\t\t<div class=\"elementor-element elementor-element-3c7641c elementor-widget elementor-widget-image\" data-id=\"3c7641c\" data-element_type=\"widget\" data-widget_type=\"image.default\">\n\t\t\t\t<div class=\"elementor-widget-container\">\n\t\t\t<style>\/*! elementor - v3.5.3 - 28-12-2021 *\/\n.elementor-widget-image{text-align:center}.elementor-widget-image a{display:inline-block}.elementor-widget-image a img[src$=\".svg\"]{width:48px}.elementor-widget-image img{vertical-align:middle;display:inline-block}<\/style>\t\t\t\t\t\t\t\t\t\t\t\t<img loading=\"lazy\" decoding=\"async\" width=\"1024\" height=\"1016\" src=\"https:\/\/dr-abbaszadeh.com\/wp-content\/uploads\/2022\/07\/WhatsApp-Image-2022-07-06-at-3.33.05-PM-1024x1016.jpeg\" class=\"attachment-large size-large\" alt=\"\" srcset=\"https:\/\/dr-abbaszadeh.com\/wp-content\/uploads\/2022\/07\/WhatsApp-Image-2022-07-06-at-3.33.05-PM-1024x1016.jpeg 1024w, https:\/\/dr-abbaszadeh.com\/wp-content\/uploads\/2022\/07\/WhatsApp-Image-2022-07-06-at-3.33.05-PM-300x298.jpeg 300w, https:\/\/dr-abbaszadeh.com\/wp-content\/uploads\/2022\/07\/WhatsApp-Image-2022-07-06-at-3.33.05-PM-150x150.jpeg 150w, https:\/\/dr-abbaszadeh.com\/wp-content\/uploads\/2022\/07\/WhatsApp-Image-2022-07-06-at-3.33.05-PM-768x762.jpeg 768w, https:\/\/dr-abbaszadeh.com\/wp-content\/uploads\/2022\/07\/WhatsApp-Image-2022-07-06-at-3.33.05-PM-147x146.jpeg 147w, https:\/\/dr-abbaszadeh.com\/wp-content\/uploads\/2022\/07\/WhatsApp-Image-2022-07-06-at-3.33.05-PM-50x50.jpeg 50w, https:\/\/dr-abbaszadeh.com\/wp-content\/uploads\/2022\/07\/WhatsApp-Image-2022-07-06-at-3.33.05-PM-76x75.jpeg 76w, https:\/\/dr-abbaszadeh.com\/wp-content\/uploads\/2022\/07\/WhatsApp-Image-2022-07-06-at-3.33.05-PM-85x85.jpeg 85w, https:\/\/dr-abbaszadeh.com\/wp-content\/uploads\/2022\/07\/WhatsApp-Image-2022-07-06-at-3.33.05-PM-80x80.jpeg 80w, https:\/\/dr-abbaszadeh.com\/wp-content\/uploads\/2022\/07\/WhatsApp-Image-2022-07-06-at-3.33.05-PM.jpeg 1125w\" sizes=\"auto, (max-width: 1024px) 100vw, 1024px\" \/>\t\t\t\t\t\t\t\t\t\t\t\t\t\t\t<\/div>\n\t\t\t\t<\/div>\n\t\t\t\t\t<\/div>\n\t\t<\/div>\n\t\t\t\t\t\t\t<\/div>\n\t\t<\/section>\n\t\t\t\t<section class=\"elementor-section elementor-top-section elementor-element elementor-element-39ecbed elementor-section-stretched elementor-section-boxed elementor-section-height-default elementor-section-height-default\" data-id=\"39ecbed\" data-element_type=\"section\" data-settings=\"{&quot;stretch_section&quot;:&quot;section-stretched&quot;,&quot;background_background&quot;:&quot;classic&quot;}\">\n\t\t\t\t\t\t<div class=\"elementor-container elementor-column-gap-default\">\n\t\t\t\t\t<div class=\"elementor-column elementor-col-100 elementor-top-column elementor-element elementor-element-6ba3ac7\" data-id=\"6ba3ac7\" data-element_type=\"column\">\n\t\t\t<div class=\"elementor-widget-wrap elementor-element-populated\">\n\t\t\t\t\t\t\t\t<section class=\"elementor-section elementor-inner-section elementor-element elementor-element-b06ec5c elementor-section-boxed elementor-section-height-default elementor-section-height-default\" data-id=\"b06ec5c\" data-element_type=\"section\" data-settings=\"{&quot;shape_divider_top&quot;:&quot;triangle&quot;}\">\n\t\t\t\t\t<div class=\"elementor-shape elementor-shape-top\" data-negative=\"false\">\n\t\t\t<svg xmlns=\"http:\/\/www.w3.org\/2000\/svg\" viewBox=\"0 0 1000 100\" preserveAspectRatio=\"none\">\n\t<path class=\"elementor-shape-fill\" d=\"M500,98.9L0,6.1V0h1000v6.1L500,98.9z\"\/>\n<\/svg>\t\t<\/div>\n\t\t\t\t\t<div class=\"elementor-container elementor-column-gap-default\">\n\t\t\t\t\t<div class=\"elementor-column elementor-col-100 elementor-inner-column elementor-element elementor-element-c5d6a43\" data-id=\"c5d6a43\" data-element_type=\"column\">\n\t\t\t<div class=\"elementor-widget-wrap\">\n\t\t\t\t\t\t\t\t\t<\/div>\n\t\t<\/div>\n\t\t\t\t\t\t\t<\/div>\n\t\t<\/section>\n\t\t\t\t<div class=\"elementor-element elementor-element-134054c elementor-widget elementor-widget-image\" data-id=\"134054c\" data-element_type=\"widget\" data-widget_type=\"image.default\">\n\t\t\t\t<div class=\"elementor-widget-container\">\n\t\t\t\t\t\t\t\t\t\t\t\t\t\t\t<img loading=\"lazy\" decoding=\"async\" width=\"300\" height=\"180\" src=\"https:\/\/dr-abbaszadeh.com\/wp-content\/uploads\/2022\/06\/logo-dr.abbaszadeh2-300x180.png\" class=\"attachment-medium size-medium\" alt=\"\" srcset=\"https:\/\/dr-abbaszadeh.com\/wp-content\/uploads\/2022\/06\/logo-dr.abbaszadeh2-300x180.png 300w, https:\/\/dr-abbaszadeh.com\/wp-content\/uploads\/2022\/06\/logo-dr.abbaszadeh2-1024x615.png 1024w, https:\/\/dr-abbaszadeh.com\/wp-content\/uploads\/2022\/06\/logo-dr.abbaszadeh2-768x462.png 768w, https:\/\/dr-abbaszadeh.com\/wp-content\/uploads\/2022\/06\/logo-dr.abbaszadeh2-243x146.png 243w, https:\/\/dr-abbaszadeh.com\/wp-content\/uploads\/2022\/06\/logo-dr.abbaszadeh2-50x30.png 50w, https:\/\/dr-abbaszadeh.com\/wp-content\/uploads\/2022\/06\/logo-dr.abbaszadeh2-125x75.png 125w, https:\/\/dr-abbaszadeh.com\/wp-content\/uploads\/2022\/06\/logo-dr.abbaszadeh2.png 1070w\" sizes=\"auto, (max-width: 300px) 100vw, 300px\" \/>\t\t\t\t\t\t\t\t\t\t\t\t\t\t\t<\/div>\n\t\t\t\t<\/div>\n\t\t\t\t<div class=\"elementor-element elementor-element-4328512 elementor-widget elementor-widget-heading\" data-id=\"4328512\" data-element_type=\"widget\" data-widget_type=\"heading.default\">\n\t\t\t\t<div class=\"elementor-widget-container\">\n\t\t\t<h3 class=\"elementor-heading-title elementor-size-default\">ERHALTEN SIE GL\u00dcCK MIT UNS!<\/h3>\t\t<\/div>\n\t\t\t\t<\/div>\n\t\t\t\t<div class=\"elementor-element elementor-element-4f25523 elementor-widget elementor-widget-text-editor\" data-id=\"4f25523\" data-element_type=\"widget\" data-widget_type=\"text-editor.default\">\n\t\t\t\t<div class=\"elementor-widget-container\">\n\t\t\t\t\t\t\t<p>Klicken Sie auf \u201eIch habe Gl\u00fcck\u201c und informieren Sie sich \u00fcber unsere neuesten Angebote und Preise.<\/p>\t\t\t\t\t\t<\/div>\n\t\t\t\t<\/div>\n\t\t\t\t<div class=\"elementor-element elementor-element-0ed35a0 elementor-align-center elementor-widget elementor-widget-button\" data-id=\"0ed35a0\" data-element_type=\"widget\" data-widget_type=\"button.default\">\n\t\t\t\t<div class=\"elementor-widget-container\">\n\t\t\t\t\t<div class=\"elementor-button-wrapper\">\n\t\t\t<a href=\"#\" class=\"elementor-button-link elementor-button elementor-size-sm\" role=\"button\">\n\t\t\t\t\t\t<span class=\"elementor-button-content-wrapper\">\n\t\t\t\t\t\t<span class=\"elementor-button-text\">Ich habe Gl\u00fcck<\/span>\n\t\t<\/span>\n\t\t\t\t\t<\/a>\n\t\t<\/div>\n\t\t\t\t<\/div>\n\t\t\t\t<\/div>\n\t\t\t\t\t<\/div>\n\t\t<\/div>\n\t\t\t\t\t\t\t<\/div>\n\t\t<\/section>\n\t\t\t\t\t\t<\/div>\n\t\t\t\t\t<\/div>\n\t\t","protected":false},"excerpt":{"rendered":"<p>\u00dcber uns: Vor Jahren haben wir unsere ersten Schritte in Richtung medizinischer Versorgung unternommen.Durch unsere Konzentration auf dem Gesundheitssektor, sind wir heute in der Lage medizinische<span class=\"excerpt-hellip\"> [\u2026]<\/span><\/p>\n","protected":false},"author":1,"featured_media":0,"parent":0,"menu_order":0,"comment_status":"closed","ping_status":"closed","template":"","meta":{"footnotes":""},"class_list":["post-1360","page","type-page","status-publish","hentry"],"_links":{"self":[{"href":"https:\/\/dr-abbaszadeh.com\/de\/wp-json\/wp\/v2\/pages\/1360","targetHints":{"allow":["GET"]}}],"collection":[{"href":"https:\/\/dr-abbaszadeh.com\/de\/wp-json\/wp\/v2\/pages"}],"about":[{"href":"https:\/\/dr-abbaszadeh.com\/de\/wp-json\/wp\/v2\/types\/page"}],"author":[{"embeddable":true,"href":"https:\/\/dr-abbaszadeh.com\/de\/wp-json\/wp\/v2\/users\/1"}],"replies":[{"embeddable":true,"href":"https:\/\/dr-abbaszadeh.com\/de\/wp-json\/wp\/v2\/comments?post=1360"}],"version-history":[{"count":6,"href":"https:\/\/dr-abbaszadeh.com\/de\/wp-json\/wp\/v2\/pages\/1360\/revisions"}],"predecessor-version":[{"id":1366,"href":"https:\/\/dr-abbaszadeh.com\/de\/wp-json\/wp\/v2\/pages\/1360\/revisions\/1366"}],"wp:attachment":[{"href":"https:\/\/dr-abbaszadeh.com\/de\/wp-json\/wp\/v2\/media?parent=1360"}],"curies":[{"name":"wp","href":"https:\/\/api.w.org\/{rel}","templated":true}]}}