{"id":1768,"date":"2022-08-17T06:36:01","date_gmt":"2022-08-17T06:36:01","guid":{"rendered":"https:\/\/dr-abbaszadeh.com\/sobre-nosotros\/"},"modified":"2022-08-17T06:47:04","modified_gmt":"2022-08-17T06:47:04","slug":"sobre-nosotros","status":"publish","type":"page","link":"https:\/\/dr-abbaszadeh.com\/es\/sobre-nosotros\/","title":{"rendered":"sobre nosotros"},"content":{"rendered":"\t\t<div data-elementor-type=\"wp-page\" data-elementor-id=\"1768\" class=\"elementor elementor-1768\" data-elementor-settings=\"[]\">\n\t\t\t\t\t\t\t<div class=\"elementor-section-wrap\">\n\t\t\t\t\t\t\t<section class=\"elementor-section elementor-top-section elementor-element elementor-element-b7a659c elementor-section-stretched elementor-section-boxed elementor-section-height-default elementor-section-height-default\" data-id=\"b7a659c\" data-element_type=\"section\" data-settings=\"{&quot;stretch_section&quot;:&quot;section-stretched&quot;}\">\n\t\t\t\t\t\t<div class=\"elementor-container elementor-column-gap-default\">\n\t\t\t\t\t<div class=\"elementor-column elementor-col-100 elementor-top-column elementor-element elementor-element-127e495\" data-id=\"127e495\" data-element_type=\"column\">\n\t\t\t<div class=\"elementor-widget-wrap elementor-element-populated\">\n\t\t\t\t\t\t\t\t<div class=\"elementor-element elementor-element-eac6309 elementor-widget elementor-widget-heading\" data-id=\"eac6309\" data-element_type=\"widget\" data-widget_type=\"heading.default\">\n\t\t\t\t<div class=\"elementor-widget-container\">\n\t\t\t<style>\/*! elementor - v3.5.3 - 28-12-2021 *\/\n.elementor-heading-title{padding:0;margin:0;line-height:1}.elementor-widget-heading .elementor-heading-title[class*=elementor-size-]>a{color:inherit;font-size:inherit;line-height:inherit}.elementor-widget-heading .elementor-heading-title.elementor-size-small{font-size:15px}.elementor-widget-heading .elementor-heading-title.elementor-size-medium{font-size:19px}.elementor-widget-heading .elementor-heading-title.elementor-size-large{font-size:29px}.elementor-widget-heading .elementor-heading-title.elementor-size-xl{font-size:39px}.elementor-widget-heading .elementor-heading-title.elementor-size-xxl{font-size:59px}<\/style><h3 class=\"elementor-heading-title elementor-size-default\">Sobre nosotros:<\/h3>\t\t<\/div>\n\t\t\t\t<\/div>\n\t\t\t\t<div class=\"elementor-element elementor-element-e564abb elementor-widget elementor-widget-text-editor\" data-id=\"e564abb\" data-element_type=\"widget\" data-widget_type=\"text-editor.default\">\n\t\t\t\t<div class=\"elementor-widget-container\">\n\t\t\t<style>\/*! elementor - v3.5.3 - 28-12-2021 *\/\n.elementor-widget-text-editor.elementor-drop-cap-view-stacked .elementor-drop-cap{background-color:#818a91;color:#fff}.elementor-widget-text-editor.elementor-drop-cap-view-framed .elementor-drop-cap{color:#818a91;border:3px solid;background-color:transparent}.elementor-widget-text-editor:not(.elementor-drop-cap-view-default) .elementor-drop-cap{margin-top:8px}.elementor-widget-text-editor:not(.elementor-drop-cap-view-default) .elementor-drop-cap-letter{width:1em;height:1em}.elementor-widget-text-editor .elementor-drop-cap{float:left;text-align:center;line-height:1;font-size:50px}.elementor-widget-text-editor .elementor-drop-cap-letter{display:inline-block}<\/style>\t\t\t\t<p>Al entregar nuestro coraz\u00f3n al sector de la salud, dimos nuestros primeros pasos en este camino hace muchos a\u00f1os, y hoy ofrecemos servicios en algunos Centros M\u00e9dicos, Cl\u00ednicas y diferentes hospitales en Estambul como una familia de nuestra empresa, lo que brinda aceptaci\u00f3n del paciente. a los est\u00e1ndares internacionales con su tecnolog\u00eda actualizada y personal experto de forma r\u00e1pida y sencilla.<br \/>Brindamos servicios m\u00e9dicos en Trasplante y Tratamientos Capilares, Cirug\u00eda Pl\u00e1stica y Medicina Est\u00e9tica, Implantolog\u00eda Dental y otros tratamientos Odontol\u00f3gicos y cualquier Diagn\u00f3stico y Tratamientos M\u00e9dicos y Reducci\u00f3n de Est\u00f3mago contra la obesidad y la diabetes. (Operaciones de est\u00f3mago para gastrectom\u00eda en manga y otras cirug\u00edas de est\u00f3mago), y tratamientos quir\u00fargicos y oncol\u00f3gicos de todos los c\u00e1nceres en diferentes hospitales, cl\u00ednicas e instituciones de salud en Estambul. Brindamos servicios de primer nivel al organizar todos los procedimientos necesarios para lograr los mejores resultados con la ayuda de expertos dentales y m\u00e9dicos en Estambul.<br \/>Seg\u00fan la investigaci\u00f3n que hemos realizado en muchos pa\u00edses como Estados Unidos de Am\u00e9rica, Canad\u00e1, Australia, Europa, Rusia, India, pa\u00edses de Medio Oriente y China, la calidad y el costo de todos los servicios de salud son caros. Requieren mucho tiempo dedicado a encontrar la opci\u00f3n correcta. Sin embargo, brindamos servicios asequibles de mayor calidad en las manos seguras de los mejores m\u00e9dicos en Estambul. Estamos orgullosos de brindar estos servicios en Estambul, la ciudad hist\u00f3rica, el centro de las civilizaciones y la hermosa metr\u00f3polis.<br \/>Brindamos servicios de salud con los mejores est\u00e1ndares del mundo a la familia de nuestra empresa y abordamos a todos nuestros pacientes con una perspectiva multidisciplinaria. Adem\u00e1s, el grupo de apoyo no m\u00e9dico de nuestro equipo ayuda a nuestros pacientes a viajar de manera segura a Estambul, la impresionante e hist\u00f3rica ciudad. Adem\u00e1s del billete de viaje, tambi\u00e9n gestionamos los traslados entre el aeropuerto y el hotel, seleccionando y reservando los hoteles a los que sustituir\u00e1n. Nuestro objetivo es trabajar siempre con todas nuestras fuerzas para brindar servicios de salud de mejor calidad y seguir de cerca el mundo de la Medicina-Ciencia.<br \/>Siempre estaremos con usted con nuestro personal experto que cree que la salud es el activo m\u00e1s valioso para los seres humanos.<\/p>\t\t\t\t\t\t<\/div>\n\t\t\t\t<\/div>\n\t\t\t\t<div class=\"elementor-element elementor-element-92a2a75 elementor-widget-divider--view-line elementor-widget elementor-widget-divider\" data-id=\"92a2a75\" data-element_type=\"widget\" data-widget_type=\"divider.default\">\n\t\t\t\t<div class=\"elementor-widget-container\">\n\t\t\t<style>\/*! elementor - v3.5.3 - 28-12-2021 *\/\n.elementor-widget-divider{--divider-border-style:none;--divider-border-width:1px;--divider-color:#2c2c2c;--divider-icon-size:20px;--divider-element-spacing:10px;--divider-pattern-height:24px;--divider-pattern-size:20px;--divider-pattern-url:none;--divider-pattern-repeat:repeat-x}.elementor-widget-divider .elementor-divider{display:-webkit-box;display:-ms-flexbox;display:flex}.elementor-widget-divider .elementor-divider__text{font-size:15px;line-height:1;max-width:95%}.elementor-widget-divider .elementor-divider__element{margin:0 var(--divider-element-spacing);-ms-flex-negative:0;flex-shrink:0}.elementor-widget-divider .elementor-icon{font-size:var(--divider-icon-size)}.elementor-widget-divider .elementor-divider-separator{display:-webkit-box;display:-ms-flexbox;display:flex;margin:0;direction:ltr}.elementor-widget-divider--view-line_icon .elementor-divider-separator,.elementor-widget-divider--view-line_text .elementor-divider-separator{-webkit-box-align:center;-ms-flex-align:center;align-items:center}.elementor-widget-divider--view-line_icon .elementor-divider-separator:after,.elementor-widget-divider--view-line_icon .elementor-divider-separator:before,.elementor-widget-divider--view-line_text .elementor-divider-separator:after,.elementor-widget-divider--view-line_text .elementor-divider-separator:before{display:block;content:\"\";border-bottom:0;-webkit-box-flex:1;-ms-flex-positive:1;flex-grow:1;border-top:var(--divider-border-width) var(--divider-border-style) var(--divider-color)}.elementor-widget-divider--element-align-left .elementor-divider .elementor-divider-separator>.elementor-divider__svg:first-of-type{-webkit-box-flex:0;-ms-flex-positive:0;flex-grow:0;-ms-flex-negative:100;flex-shrink:100}.elementor-widget-divider--element-align-left .elementor-divider-separator:before{content:none}.elementor-widget-divider--element-align-left .elementor-divider__element{margin-left:0}.elementor-widget-divider--element-align-right .elementor-divider .elementor-divider-separator>.elementor-divider__svg:last-of-type{-webkit-box-flex:0;-ms-flex-positive:0;flex-grow:0;-ms-flex-negative:100;flex-shrink:100}.elementor-widget-divider--element-align-right .elementor-divider-separator:after{content:none}.elementor-widget-divider--element-align-right .elementor-divider__element{margin-right:0}.elementor-widget-divider:not(.elementor-widget-divider--view-line_text):not(.elementor-widget-divider--view-line_icon) .elementor-divider-separator{border-top:var(--divider-border-width) var(--divider-border-style) var(--divider-color)}.elementor-widget-divider--separator-type-pattern{--divider-border-style:none}.elementor-widget-divider--separator-type-pattern.elementor-widget-divider--view-line .elementor-divider-separator,.elementor-widget-divider--separator-type-pattern:not(.elementor-widget-divider--view-line) .elementor-divider-separator:after,.elementor-widget-divider--separator-type-pattern:not(.elementor-widget-divider--view-line) .elementor-divider-separator:before,.elementor-widget-divider--separator-type-pattern:not([class*=elementor-widget-divider--view]) .elementor-divider-separator{width:100%;min-height:var(--divider-pattern-height);-webkit-mask-size:var(--divider-pattern-size) 100%;mask-size:var(--divider-pattern-size) 100%;-webkit-mask-repeat:var(--divider-pattern-repeat);mask-repeat:var(--divider-pattern-repeat);background-color:var(--divider-color);-webkit-mask-image:var(--divider-pattern-url);mask-image:var(--divider-pattern-url)}.elementor-widget-divider--no-spacing{--divider-pattern-size:auto}.elementor-widget-divider--bg-round{--divider-pattern-repeat:round}.rtl .elementor-widget-divider .elementor-divider__text{direction:rtl}<\/style>\t\t<div class=\"elementor-divider\">\n\t\t\t<span class=\"elementor-divider-separator\">\n\t\t\t\t\t\t<\/span>\n\t\t<\/div>\n\t\t\t\t<\/div>\n\t\t\t\t<\/div>\n\t\t\t\t\t<\/div>\n\t\t<\/div>\n\t\t\t\t\t\t\t<\/div>\n\t\t<\/section>\n\t\t\t\t<section class=\"elementor-section elementor-top-section elementor-element elementor-element-927fc27 elementor-section-stretched elementor-section-boxed elementor-section-height-default elementor-section-height-default\" data-id=\"927fc27\" data-element_type=\"section\" data-settings=\"{&quot;stretch_section&quot;:&quot;section-stretched&quot;}\">\n\t\t\t\t\t\t<div class=\"elementor-container elementor-column-gap-default\">\n\t\t\t\t\t<div class=\"elementor-column elementor-col-66 elementor-top-column elementor-element elementor-element-0777bba\" data-id=\"0777bba\" data-element_type=\"column\">\n\t\t\t<div class=\"elementor-widget-wrap elementor-element-populated\">\n\t\t\t\t\t\t\t\t<div class=\"elementor-element elementor-element-4ae9321 elementor-widget elementor-widget-heading\" data-id=\"4ae9321\" data-element_type=\"widget\" data-widget_type=\"heading.default\">\n\t\t\t\t<div class=\"elementor-widget-container\">\n\t\t\t<h3 class=\"elementor-heading-title elementor-size-default\"> Sobre m\u00ed:\n\n<\/h3>\t\t<\/div>\n\t\t\t\t<\/div>\n\t\t\t\t<div class=\"elementor-element elementor-element-b83b7f2 elementor-widget elementor-widget-text-editor\" data-id=\"b83b7f2\" data-element_type=\"widget\" data-widget_type=\"text-editor.default\">\n\t\t\t\t<div class=\"elementor-widget-container\">\n\t\t\t\t\t\t\t<p>Soy el Dr. Hamid ABBASZADEH MD y radi\u00f3logo certificado por la junta, y mi \u00e1rea de especializaci\u00f3n es el radiodiagn\u00f3stico.<\/p><p>Comenc\u00e9 mi viaje m\u00e9dico en la Escuela de Medicina de la Universidad de Ege en \u0130zmir, Turqu\u00eda, estudi\u00e9 Especialidad en Radiodiagn\u00f3stico en la Escuela de Medicina de la Universidad de Estambul y continu\u00e9 mi educaci\u00f3n y trabajo en los Estados Unidos de Am\u00e9rica. Despu\u00e9s de trabajar y ampliar mis conocimientos en el campo de la radiolog\u00eda en Sutter Health durante ocho a\u00f1os, uno de los grupos hospitalarios m\u00e1s conocidos del estado de California, decid\u00ed regresar a Estambul y seguir mi carrera aqu\u00ed en Estambul Turkiye.<br \/>Despu\u00e9s de mi regreso a Estambul, realic\u00e9 varias actividades relacionadas con la radiolog\u00eda en el Departamento de Radiolog\u00eda de la Facultad de Medicina de la Universidad de Estambul. Adem\u00e1s, soy profesor asociado en un Departamento de Radiolog\u00eda de la Universidad de Campo M\u00e9dico privado en Estambul y Jefe del Departamento de Radiolog\u00eda en dos Centros M\u00e9dicos Quir\u00fargicos privados en Estambul, Turkiye.<br \/>Adem\u00e1s de estos, he obtenido m\u00faltiples certificados de radiolog\u00eda de todo el mundo.<\/p>\t\t\t\t\t\t<\/div>\n\t\t\t\t<\/div>\n\t\t\t\t\t<\/div>\n\t\t<\/div>\n\t\t\t\t<div class=\"elementor-column elementor-col-33 elementor-top-column elementor-element elementor-element-f93f64d\" data-id=\"f93f64d\" data-element_type=\"column\">\n\t\t\t<div class=\"elementor-widget-wrap elementor-element-populated\">\n\t\t\t\t\t\t\t\t<div class=\"elementor-element elementor-element-8f2d3b7 elementor-widget elementor-widget-image\" data-id=\"8f2d3b7\" data-element_type=\"widget\" data-widget_type=\"image.default\">\n\t\t\t\t<div class=\"elementor-widget-container\">\n\t\t\t<style>\/*! elementor - v3.5.3 - 28-12-2021 *\/\n.elementor-widget-image{text-align:center}.elementor-widget-image a{display:inline-block}.elementor-widget-image a img[src$=\".svg\"]{width:48px}.elementor-widget-image img{vertical-align:middle;display:inline-block}<\/style>\t\t\t\t\t\t\t\t\t\t\t\t<img loading=\"lazy\" decoding=\"async\" width=\"1024\" height=\"1016\" src=\"https:\/\/dr-abbaszadeh.com\/wp-content\/uploads\/2022\/07\/WhatsApp-Image-2022-07-06-at-3.33.05-PM-1024x1016.jpeg\" class=\"attachment-large size-large\" alt=\"\" srcset=\"https:\/\/dr-abbaszadeh.com\/wp-content\/uploads\/2022\/07\/WhatsApp-Image-2022-07-06-at-3.33.05-PM-1024x1016.jpeg 1024w, https:\/\/dr-abbaszadeh.com\/wp-content\/uploads\/2022\/07\/WhatsApp-Image-2022-07-06-at-3.33.05-PM-300x298.jpeg 300w, https:\/\/dr-abbaszadeh.com\/wp-content\/uploads\/2022\/07\/WhatsApp-Image-2022-07-06-at-3.33.05-PM-150x150.jpeg 150w, https:\/\/dr-abbaszadeh.com\/wp-content\/uploads\/2022\/07\/WhatsApp-Image-2022-07-06-at-3.33.05-PM-768x762.jpeg 768w, https:\/\/dr-abbaszadeh.com\/wp-content\/uploads\/2022\/07\/WhatsApp-Image-2022-07-06-at-3.33.05-PM-147x146.jpeg 147w, https:\/\/dr-abbaszadeh.com\/wp-content\/uploads\/2022\/07\/WhatsApp-Image-2022-07-06-at-3.33.05-PM-50x50.jpeg 50w, https:\/\/dr-abbaszadeh.com\/wp-content\/uploads\/2022\/07\/WhatsApp-Image-2022-07-06-at-3.33.05-PM-76x75.jpeg 76w, https:\/\/dr-abbaszadeh.com\/wp-content\/uploads\/2022\/07\/WhatsApp-Image-2022-07-06-at-3.33.05-PM-85x85.jpeg 85w, https:\/\/dr-abbaszadeh.com\/wp-content\/uploads\/2022\/07\/WhatsApp-Image-2022-07-06-at-3.33.05-PM-80x80.jpeg 80w, https:\/\/dr-abbaszadeh.com\/wp-content\/uploads\/2022\/07\/WhatsApp-Image-2022-07-06-at-3.33.05-PM.jpeg 1125w\" sizes=\"auto, (max-width: 1024px) 100vw, 1024px\" \/>\t\t\t\t\t\t\t\t\t\t\t\t\t\t\t<\/div>\n\t\t\t\t<\/div>\n\t\t\t\t\t<\/div>\n\t\t<\/div>\n\t\t\t\t\t\t\t<\/div>\n\t\t<\/section>\n\t\t\t\t<section class=\"elementor-section elementor-top-section elementor-element elementor-element-a5f55c6 elementor-section-stretched elementor-section-boxed elementor-section-height-default elementor-section-height-default\" data-id=\"a5f55c6\" data-element_type=\"section\" data-settings=\"{&quot;stretch_section&quot;:&quot;section-stretched&quot;,&quot;background_background&quot;:&quot;classic&quot;}\">\n\t\t\t\t\t\t<div class=\"elementor-container elementor-column-gap-default\">\n\t\t\t\t\t<div class=\"elementor-column elementor-col-100 elementor-top-column elementor-element elementor-element-2576f14\" data-id=\"2576f14\" data-element_type=\"column\">\n\t\t\t<div class=\"elementor-widget-wrap elementor-element-populated\">\n\t\t\t\t\t\t\t\t<section class=\"elementor-section elementor-inner-section elementor-element elementor-element-2bee3a0 elementor-section-boxed elementor-section-height-default elementor-section-height-default\" data-id=\"2bee3a0\" data-element_type=\"section\" data-settings=\"{&quot;shape_divider_top&quot;:&quot;triangle&quot;}\">\n\t\t\t\t\t<div class=\"elementor-shape elementor-shape-top\" data-negative=\"false\">\n\t\t\t<svg xmlns=\"http:\/\/www.w3.org\/2000\/svg\" viewBox=\"0 0 1000 100\" preserveAspectRatio=\"none\">\n\t<path class=\"elementor-shape-fill\" d=\"M500,98.9L0,6.1V0h1000v6.1L500,98.9z\"\/>\n<\/svg>\t\t<\/div>\n\t\t\t\t\t<div class=\"elementor-container elementor-column-gap-default\">\n\t\t\t\t\t<div class=\"elementor-column elementor-col-100 elementor-inner-column elementor-element elementor-element-42c2f4e\" data-id=\"42c2f4e\" data-element_type=\"column\">\n\t\t\t<div class=\"elementor-widget-wrap\">\n\t\t\t\t\t\t\t\t\t<\/div>\n\t\t<\/div>\n\t\t\t\t\t\t\t<\/div>\n\t\t<\/section>\n\t\t\t\t<div class=\"elementor-element elementor-element-a570ed9 elementor-widget elementor-widget-image\" data-id=\"a570ed9\" data-element_type=\"widget\" data-widget_type=\"image.default\">\n\t\t\t\t<div class=\"elementor-widget-container\">\n\t\t\t\t\t\t\t\t\t\t\t\t\t\t\t<img loading=\"lazy\" decoding=\"async\" width=\"300\" height=\"180\" src=\"https:\/\/dr-abbaszadeh.com\/wp-content\/uploads\/2022\/06\/logo-dr.abbaszadeh2-300x180.png\" class=\"attachment-medium size-medium\" alt=\"\" srcset=\"https:\/\/dr-abbaszadeh.com\/wp-content\/uploads\/2022\/06\/logo-dr.abbaszadeh2-300x180.png 300w, https:\/\/dr-abbaszadeh.com\/wp-content\/uploads\/2022\/06\/logo-dr.abbaszadeh2-1024x615.png 1024w, https:\/\/dr-abbaszadeh.com\/wp-content\/uploads\/2022\/06\/logo-dr.abbaszadeh2-768x462.png 768w, https:\/\/dr-abbaszadeh.com\/wp-content\/uploads\/2022\/06\/logo-dr.abbaszadeh2-243x146.png 243w, https:\/\/dr-abbaszadeh.com\/wp-content\/uploads\/2022\/06\/logo-dr.abbaszadeh2-50x30.png 50w, https:\/\/dr-abbaszadeh.com\/wp-content\/uploads\/2022\/06\/logo-dr.abbaszadeh2-125x75.png 125w, https:\/\/dr-abbaszadeh.com\/wp-content\/uploads\/2022\/06\/logo-dr.abbaszadeh2.png 1070w\" sizes=\"auto, (max-width: 300px) 100vw, 300px\" \/>\t\t\t\t\t\t\t\t\t\t\t\t\t\t\t<\/div>\n\t\t\t\t<\/div>\n\t\t\t\t<div class=\"elementor-element elementor-element-185f676 elementor-widget elementor-widget-heading\" data-id=\"185f676\" data-element_type=\"widget\" data-widget_type=\"heading.default\">\n\t\t\t\t<div class=\"elementor-widget-container\">\n\t\t\t<h3 class=\"elementor-heading-title elementor-size-default\">\u00a1TEN SUERTE CON NOSOTROS!<\/h3>\t\t<\/div>\n\t\t\t\t<\/div>\n\t\t\t\t<div class=\"elementor-element elementor-element-64620e8 elementor-widget elementor-widget-text-editor\" data-id=\"64620e8\" data-element_type=\"widget\" data-widget_type=\"text-editor.default\">\n\t\t\t\t<div class=\"elementor-widget-container\">\n\t\t\t\t\t\t\t<p>Haz clic en &#8216;Tengo suerte&#8217; e inf\u00f3rmate de nuestras \u00faltimas ofertas y precios.<\/p>\t\t\t\t\t\t<\/div>\n\t\t\t\t<\/div>\n\t\t\t\t<div class=\"elementor-element elementor-element-9168b1d elementor-align-center elementor-widget elementor-widget-button\" data-id=\"9168b1d\" data-element_type=\"widget\" data-widget_type=\"button.default\">\n\t\t\t\t<div class=\"elementor-widget-container\">\n\t\t\t\t\t<div class=\"elementor-button-wrapper\">\n\t\t\t<a href=\"#\" class=\"elementor-button-link elementor-button elementor-size-sm\" role=\"button\">\n\t\t\t\t\t\t<span class=\"elementor-button-content-wrapper\">\n\t\t\t\t\t\t<span class=\"elementor-button-text\">soy afortunado<\/span>\n\t\t<\/span>\n\t\t\t\t\t<\/a>\n\t\t<\/div>\n\t\t\t\t<\/div>\n\t\t\t\t<\/div>\n\t\t\t\t\t<\/div>\n\t\t<\/div>\n\t\t\t\t\t\t\t<\/div>\n\t\t<\/section>\n\t\t\t\t\t\t<\/div>\n\t\t\t\t\t<\/div>\n\t\t","protected":false},"excerpt":{"rendered":"<p>Sobre nosotros: Al entregar nuestro coraz\u00f3n al sector de la salud, dimos nuestros primeros pasos en este camino hace muchos a\u00f1os, y hoy ofrecemos servicios en<span class=\"excerpt-hellip\"> [\u2026]<\/span><\/p>\n","protected":false},"author":1,"featured_media":0,"parent":0,"menu_order":0,"comment_status":"closed","ping_status":"closed","template":"","meta":{"footnotes":""},"class_list":["post-1768","page","type-page","status-publish","hentry"],"_links":{"self":[{"href":"https:\/\/dr-abbaszadeh.com\/es\/wp-json\/wp\/v2\/pages\/1768","targetHints":{"allow":["GET"]}}],"collection":[{"href":"https:\/\/dr-abbaszadeh.com\/es\/wp-json\/wp\/v2\/pages"}],"about":[{"href":"https:\/\/dr-abbaszadeh.com\/es\/wp-json\/wp\/v2\/types\/page"}],"author":[{"embeddable":true,"href":"https:\/\/dr-abbaszadeh.com\/es\/wp-json\/wp\/v2\/users\/1"}],"replies":[{"embeddable":true,"href":"https:\/\/dr-abbaszadeh.com\/es\/wp-json\/wp\/v2\/comments?post=1768"}],"version-history":[{"count":3,"href":"https:\/\/dr-abbaszadeh.com\/es\/wp-json\/wp\/v2\/pages\/1768\/revisions"}],"predecessor-version":[{"id":1779,"href":"https:\/\/dr-abbaszadeh.com\/es\/wp-json\/wp\/v2\/pages\/1768\/revisions\/1779"}],"wp:attachment":[{"href":"https:\/\/dr-abbaszadeh.com\/es\/wp-json\/wp\/v2\/media?parent=1768"}],"curies":[{"name":"wp","href":"https:\/\/api.w.org\/{rel}","templated":true}]}}