{"id":1350,"date":"2022-07-09T05:26:42","date_gmt":"2022-07-09T05:26:42","guid":{"rendered":"http:\/\/dr-abbaszadeh.com\/a-propos-de-nous\/"},"modified":"2022-07-09T05:29:50","modified_gmt":"2022-07-09T05:29:50","slug":"a-propos-de-nous","status":"publish","type":"page","link":"https:\/\/dr-abbaszadeh.com\/fr\/a-propos-de-nous\/","title":{"rendered":"\u00c0 propos de nous"},"content":{"rendered":"\t\t<div data-elementor-type=\"wp-page\" data-elementor-id=\"1350\" class=\"elementor elementor-1350\" data-elementor-settings=\"[]\">\n\t\t\t\t\t\t\t<div class=\"elementor-section-wrap\">\n\t\t\t\t\t\t\t<section class=\"elementor-section elementor-top-section elementor-element elementor-element-3e104c6 elementor-section-stretched elementor-section-boxed elementor-section-height-default elementor-section-height-default\" data-id=\"3e104c6\" data-element_type=\"section\" data-settings=\"{&quot;stretch_section&quot;:&quot;section-stretched&quot;}\">\n\t\t\t\t\t\t<div class=\"elementor-container elementor-column-gap-default\">\n\t\t\t\t\t<div class=\"elementor-column elementor-col-100 elementor-top-column elementor-element elementor-element-658f75a\" data-id=\"658f75a\" data-element_type=\"column\">\n\t\t\t<div class=\"elementor-widget-wrap elementor-element-populated\">\n\t\t\t\t\t\t\t\t<div class=\"elementor-element elementor-element-7c0a384 elementor-widget elementor-widget-heading\" data-id=\"7c0a384\" data-element_type=\"widget\" data-widget_type=\"heading.default\">\n\t\t\t\t<div class=\"elementor-widget-container\">\n\t\t\t<style>\/*! elementor - v3.5.3 - 28-12-2021 *\/\n.elementor-heading-title{padding:0;margin:0;line-height:1}.elementor-widget-heading .elementor-heading-title[class*=elementor-size-]>a{color:inherit;font-size:inherit;line-height:inherit}.elementor-widget-heading .elementor-heading-title.elementor-size-small{font-size:15px}.elementor-widget-heading .elementor-heading-title.elementor-size-medium{font-size:19px}.elementor-widget-heading .elementor-heading-title.elementor-size-large{font-size:29px}.elementor-widget-heading .elementor-heading-title.elementor-size-xl{font-size:39px}.elementor-widget-heading .elementor-heading-title.elementor-size-xxl{font-size:59px}<\/style><h3 class=\"elementor-heading-title elementor-size-default\">\u00c0 propos de nous:<\/h3>\t\t<\/div>\n\t\t\t\t<\/div>\n\t\t\t\t<div class=\"elementor-element elementor-element-f126d9d elementor-widget elementor-widget-text-editor\" data-id=\"f126d9d\" data-element_type=\"widget\" data-widget_type=\"text-editor.default\">\n\t\t\t\t<div class=\"elementor-widget-container\">\n\t\t\t<style>\/*! elementor - v3.5.3 - 28-12-2021 *\/\n.elementor-widget-text-editor.elementor-drop-cap-view-stacked .elementor-drop-cap{background-color:#818a91;color:#fff}.elementor-widget-text-editor.elementor-drop-cap-view-framed .elementor-drop-cap{color:#818a91;border:3px solid;background-color:transparent}.elementor-widget-text-editor:not(.elementor-drop-cap-view-default) .elementor-drop-cap{margin-top:8px}.elementor-widget-text-editor:not(.elementor-drop-cap-view-default) .elementor-drop-cap-letter{width:1em;height:1em}.elementor-widget-text-editor .elementor-drop-cap{float:left;text-align:center;line-height:1;font-size:50px}.elementor-widget-text-editor .elementor-drop-cap-letter{display:inline-block}<\/style>\t\t\t\t<p>En donnant notre c\u0153ur au secteur de la sant\u00e9, nous avons fait nos premiers pas sur cette voie il y a de nombreuses ann\u00e9es, et aujourd&rsquo;hui nous offrons des services dans quelques centres m\u00e9dicaux, cliniques et diff\u00e9rents h\u00f4pitaux \u00e0 Istanbul au sein de notre entreprise, qui assure l&rsquo;acceptation des patients aux normes internationales avec sa technologie \u00e0 jour et son personnel expert de mani\u00e8re efficace et rapide .<\/p><p>Nous fournissons des services m\u00e9dicaux en greffe et traitements de cheveux, chirurgie plastique et esth\u00e9tique m\u00e9dicale, implantologie dentaire et autres traitements dentaires et tout diagnostic m\u00e9dical et traitements et r\u00e9duction de l&rsquo;estomac contre l&rsquo;ob\u00e9sit\u00e9 et le diab\u00e8te. (Op\u00e9rations de l&rsquo;estomac pour la sleeve gastrectomie et autres chirurgies de l&rsquo;estomac) et traitements chirurgicaux et oncologiques de tous les cancers dans diff\u00e9rents h\u00f4pitaux, cliniques et \u00e9tablissements de sant\u00e9 \u00e0 Istanbul. Nous fournissons des services de premier ordre en organisant toutes les proc\u00e9dures n\u00e9cessaires pour obtenir les meilleurs r\u00e9sultats avec l&rsquo;aide d&rsquo;experts dentaires et m\u00e9dicaux \u00e0 Istanbul.<br \/>Selon les recherches que nous avons effectu\u00e9es dans de nombreux pays tels que les \u00c9tats-Unis d&rsquo;Am\u00e9rique, le Canada, l&rsquo;Australie, l&rsquo;Europe, la Russie, l&rsquo;Inde, les pays du Moyen-Orient et la Chine, la qualit\u00e9 et le co\u00fbt de tous les services de sant\u00e9 sont chers. Ils n\u00e9cessitent beaucoup de temps consacr\u00e9 \u00e0 trouver le bon choix. Cependant, nous fournissons des services abordables de meilleure qualit\u00e9 entre les mains s\u00fbres des meilleurs m\u00e9decins d&rsquo;Istanbul. Nous sommes fiers de fournir ces services \u00e0 Istanbul, la ville historique, le centre des civilisations et la belle m\u00e9tropole.<\/p><p>Nous fournissons des services de sant\u00e9 aux meilleurs standards au monde au sein de notre entreprise et nous abordons tous nos patients avec une perspective multidisciplinaire. De plus, le groupe de soutien m\u00e9dical de notre \u00e9quipe aide nos patients \u00e0 voyager en toute s\u00e9curit\u00e9 vers Istanbul, la ville magnifique et historique. En plus du billet de voyage, nous organisons \u00e9galement les transferts entre l&rsquo;a\u00e9roport et l&rsquo;h\u00f4tel, en s\u00e9lectionnant et en r\u00e9servant les h\u00f4tels qu&rsquo;ils remplaceront. Notre objectif est de toujours travailler de toutes nos forces pour offrir des services de sant\u00e9 de meilleure qualit\u00e9 et suivre de pr\u00e8s le monde de la M\u00e9decine-Science.<br \/>Nous serons toujours avec vous avec notre expertise.<\/p>\t\t\t\t\t\t<\/div>\n\t\t\t\t<\/div>\n\t\t\t\t<div class=\"elementor-element elementor-element-58f905a elementor-widget-divider--view-line elementor-widget elementor-widget-divider\" data-id=\"58f905a\" data-element_type=\"widget\" data-widget_type=\"divider.default\">\n\t\t\t\t<div class=\"elementor-widget-container\">\n\t\t\t<style>\/*! elementor - v3.5.3 - 28-12-2021 *\/\n.elementor-widget-divider{--divider-border-style:none;--divider-border-width:1px;--divider-color:#2c2c2c;--divider-icon-size:20px;--divider-element-spacing:10px;--divider-pattern-height:24px;--divider-pattern-size:20px;--divider-pattern-url:none;--divider-pattern-repeat:repeat-x}.elementor-widget-divider .elementor-divider{display:-webkit-box;display:-ms-flexbox;display:flex}.elementor-widget-divider .elementor-divider__text{font-size:15px;line-height:1;max-width:95%}.elementor-widget-divider .elementor-divider__element{margin:0 var(--divider-element-spacing);-ms-flex-negative:0;flex-shrink:0}.elementor-widget-divider .elementor-icon{font-size:var(--divider-icon-size)}.elementor-widget-divider .elementor-divider-separator{display:-webkit-box;display:-ms-flexbox;display:flex;margin:0;direction:ltr}.elementor-widget-divider--view-line_icon .elementor-divider-separator,.elementor-widget-divider--view-line_text .elementor-divider-separator{-webkit-box-align:center;-ms-flex-align:center;align-items:center}.elementor-widget-divider--view-line_icon .elementor-divider-separator:after,.elementor-widget-divider--view-line_icon .elementor-divider-separator:before,.elementor-widget-divider--view-line_text .elementor-divider-separator:after,.elementor-widget-divider--view-line_text .elementor-divider-separator:before{display:block;content:\"\";border-bottom:0;-webkit-box-flex:1;-ms-flex-positive:1;flex-grow:1;border-top:var(--divider-border-width) var(--divider-border-style) var(--divider-color)}.elementor-widget-divider--element-align-left .elementor-divider .elementor-divider-separator>.elementor-divider__svg:first-of-type{-webkit-box-flex:0;-ms-flex-positive:0;flex-grow:0;-ms-flex-negative:100;flex-shrink:100}.elementor-widget-divider--element-align-left .elementor-divider-separator:before{content:none}.elementor-widget-divider--element-align-left .elementor-divider__element{margin-left:0}.elementor-widget-divider--element-align-right .elementor-divider .elementor-divider-separator>.elementor-divider__svg:last-of-type{-webkit-box-flex:0;-ms-flex-positive:0;flex-grow:0;-ms-flex-negative:100;flex-shrink:100}.elementor-widget-divider--element-align-right .elementor-divider-separator:after{content:none}.elementor-widget-divider--element-align-right .elementor-divider__element{margin-right:0}.elementor-widget-divider:not(.elementor-widget-divider--view-line_text):not(.elementor-widget-divider--view-line_icon) .elementor-divider-separator{border-top:var(--divider-border-width) var(--divider-border-style) var(--divider-color)}.elementor-widget-divider--separator-type-pattern{--divider-border-style:none}.elementor-widget-divider--separator-type-pattern.elementor-widget-divider--view-line .elementor-divider-separator,.elementor-widget-divider--separator-type-pattern:not(.elementor-widget-divider--view-line) .elementor-divider-separator:after,.elementor-widget-divider--separator-type-pattern:not(.elementor-widget-divider--view-line) .elementor-divider-separator:before,.elementor-widget-divider--separator-type-pattern:not([class*=elementor-widget-divider--view]) .elementor-divider-separator{width:100%;min-height:var(--divider-pattern-height);-webkit-mask-size:var(--divider-pattern-size) 100%;mask-size:var(--divider-pattern-size) 100%;-webkit-mask-repeat:var(--divider-pattern-repeat);mask-repeat:var(--divider-pattern-repeat);background-color:var(--divider-color);-webkit-mask-image:var(--divider-pattern-url);mask-image:var(--divider-pattern-url)}.elementor-widget-divider--no-spacing{--divider-pattern-size:auto}.elementor-widget-divider--bg-round{--divider-pattern-repeat:round}.rtl .elementor-widget-divider .elementor-divider__text{direction:rtl}<\/style>\t\t<div class=\"elementor-divider\">\n\t\t\t<span class=\"elementor-divider-separator\">\n\t\t\t\t\t\t<\/span>\n\t\t<\/div>\n\t\t\t\t<\/div>\n\t\t\t\t<\/div>\n\t\t\t\t\t<\/div>\n\t\t<\/div>\n\t\t\t\t\t\t\t<\/div>\n\t\t<\/section>\n\t\t\t\t<section class=\"elementor-section elementor-top-section elementor-element elementor-element-71d72b8 elementor-section-content-middle elementor-section-stretched elementor-section-boxed elementor-section-height-default elementor-section-height-default\" data-id=\"71d72b8\" data-element_type=\"section\" data-settings=\"{&quot;stretch_section&quot;:&quot;section-stretched&quot;}\">\n\t\t\t\t\t\t<div class=\"elementor-container elementor-column-gap-default\">\n\t\t\t\t\t<div class=\"elementor-column elementor-col-66 elementor-top-column elementor-element elementor-element-9760ca1\" data-id=\"9760ca1\" data-element_type=\"column\">\n\t\t\t<div class=\"elementor-widget-wrap elementor-element-populated\">\n\t\t\t\t\t\t\t\t<div class=\"elementor-element elementor-element-97b728e elementor-widget elementor-widget-heading\" data-id=\"97b728e\" data-element_type=\"widget\" data-widget_type=\"heading.default\">\n\t\t\t\t<div class=\"elementor-widget-container\">\n\t\t\t<h3 class=\"elementor-heading-title elementor-size-default\">Dr Hamid ABBASZADEH:\n<\/h3>\t\t<\/div>\n\t\t\t\t<\/div>\n\t\t\t\t<div class=\"elementor-element elementor-element-0c2d4e1 elementor-widget elementor-widget-text-editor\" data-id=\"0c2d4e1\" data-element_type=\"widget\" data-widget_type=\"text-editor.default\">\n\t\t\t\t<div class=\"elementor-widget-container\">\n\t\t\t\t\t\t\t<p>Je suis le Dr Hamid ABBASZADEH MD &amp; Board Certified Radiologist, et mon domaine de sp\u00e9cialisation est le radiodiagnostic.<br \/><br \/>J&rsquo;ai commenc\u00e9 mon parcours m\u00e9dical \u00e0 la facult\u00e9 de m\u00e9decine de l&rsquo;universit\u00e9 Ege \u00e0 Izmir, en Turquie, j&rsquo;ai \u00e9tudi\u00e9 la sp\u00e9cialit\u00e9 de radiodiagnostic \u00e0 la facult\u00e9 de m\u00e9decine de l&rsquo;universit\u00e9 d&rsquo;Istanbul et j&rsquo;ai poursuivi mes \u00e9tudes et mon travail aux \u00c9tats-Unis .Apr\u00e8s avoir travaill\u00e9 et \u00e9largi mes connaissances dans le domaine de la radiologie chez Sutter Health pendant huit ans, l&rsquo;un des groupes hospitaliers les plus connus de l&rsquo;\u00c9tat de Californie, j&rsquo;ai d\u00e9cid\u00e9 de retourner \u00e0 Istanbul et de poursuivre ma carri\u00e8re ici \u00e0 \u0130stanbul Turkiye.<\/p><p>Apr\u00e8s mon retour \u00e0 Istanbul, j&rsquo;ai eu plusieurs activit\u00e9s li\u00e9es \u00e0 la radiologie au d\u00e9partement de radiologie de l&rsquo;\u00e9cole de m\u00e9decine de l&rsquo;Universit\u00e9 d&rsquo;Istanbul. En outre, je suis professeur agr\u00e9g\u00e9 dans un d\u00e9partement de radiologie universitaire priv\u00e9 \u00e0 Istanbul et chef du d\u00e9partement de radiologie dans deux centres m\u00e9dicaux chirurgicaux priv\u00e9s \u00e0 Istanbul, Turkiye.<\/p><p>En plus de cela, j&rsquo;ai obtenu plusieurs certificats de radiologie du monde entier.<\/p>\t\t\t\t\t\t<\/div>\n\t\t\t\t<\/div>\n\t\t\t\t\t<\/div>\n\t\t<\/div>\n\t\t\t\t<div class=\"elementor-column elementor-col-33 elementor-top-column elementor-element elementor-element-0fb1592\" data-id=\"0fb1592\" data-element_type=\"column\">\n\t\t\t<div class=\"elementor-widget-wrap elementor-element-populated\">\n\t\t\t\t\t\t\t\t<div class=\"elementor-element elementor-element-3afb9c7 elementor-widget elementor-widget-image\" data-id=\"3afb9c7\" data-element_type=\"widget\" data-widget_type=\"image.default\">\n\t\t\t\t<div class=\"elementor-widget-container\">\n\t\t\t<style>\/*! elementor - v3.5.3 - 28-12-2021 *\/\n.elementor-widget-image{text-align:center}.elementor-widget-image a{display:inline-block}.elementor-widget-image a img[src$=\".svg\"]{width:48px}.elementor-widget-image img{vertical-align:middle;display:inline-block}<\/style>\t\t\t\t\t\t\t\t\t\t\t\t<img loading=\"lazy\" decoding=\"async\" width=\"1024\" height=\"1016\" src=\"https:\/\/dr-abbaszadeh.com\/wp-content\/uploads\/2022\/07\/WhatsApp-Image-2022-07-06-at-3.33.05-PM-1024x1016.jpeg\" class=\"attachment-large size-large\" alt=\"\" srcset=\"https:\/\/dr-abbaszadeh.com\/wp-content\/uploads\/2022\/07\/WhatsApp-Image-2022-07-06-at-3.33.05-PM-1024x1016.jpeg 1024w, https:\/\/dr-abbaszadeh.com\/wp-content\/uploads\/2022\/07\/WhatsApp-Image-2022-07-06-at-3.33.05-PM-300x298.jpeg 300w, https:\/\/dr-abbaszadeh.com\/wp-content\/uploads\/2022\/07\/WhatsApp-Image-2022-07-06-at-3.33.05-PM-150x150.jpeg 150w, https:\/\/dr-abbaszadeh.com\/wp-content\/uploads\/2022\/07\/WhatsApp-Image-2022-07-06-at-3.33.05-PM-768x762.jpeg 768w, https:\/\/dr-abbaszadeh.com\/wp-content\/uploads\/2022\/07\/WhatsApp-Image-2022-07-06-at-3.33.05-PM-147x146.jpeg 147w, https:\/\/dr-abbaszadeh.com\/wp-content\/uploads\/2022\/07\/WhatsApp-Image-2022-07-06-at-3.33.05-PM-50x50.jpeg 50w, https:\/\/dr-abbaszadeh.com\/wp-content\/uploads\/2022\/07\/WhatsApp-Image-2022-07-06-at-3.33.05-PM-76x75.jpeg 76w, https:\/\/dr-abbaszadeh.com\/wp-content\/uploads\/2022\/07\/WhatsApp-Image-2022-07-06-at-3.33.05-PM-85x85.jpeg 85w, https:\/\/dr-abbaszadeh.com\/wp-content\/uploads\/2022\/07\/WhatsApp-Image-2022-07-06-at-3.33.05-PM-80x80.jpeg 80w, https:\/\/dr-abbaszadeh.com\/wp-content\/uploads\/2022\/07\/WhatsApp-Image-2022-07-06-at-3.33.05-PM.jpeg 1125w\" sizes=\"auto, (max-width: 1024px) 100vw, 1024px\" \/>\t\t\t\t\t\t\t\t\t\t\t\t\t\t\t<\/div>\n\t\t\t\t<\/div>\n\t\t\t\t\t<\/div>\n\t\t<\/div>\n\t\t\t\t\t\t\t<\/div>\n\t\t<\/section>\n\t\t\t\t<section class=\"elementor-section elementor-top-section elementor-element elementor-element-a97a50e elementor-section-stretched elementor-section-boxed elementor-section-height-default elementor-section-height-default\" data-id=\"a97a50e\" data-element_type=\"section\" data-settings=\"{&quot;stretch_section&quot;:&quot;section-stretched&quot;,&quot;background_background&quot;:&quot;classic&quot;}\">\n\t\t\t\t\t\t<div class=\"elementor-container elementor-column-gap-default\">\n\t\t\t\t\t<div class=\"elementor-column elementor-col-100 elementor-top-column elementor-element elementor-element-ea0a1ba\" data-id=\"ea0a1ba\" data-element_type=\"column\">\n\t\t\t<div class=\"elementor-widget-wrap elementor-element-populated\">\n\t\t\t\t\t\t\t\t<section class=\"elementor-section elementor-inner-section elementor-element elementor-element-9391a9a elementor-section-boxed elementor-section-height-default elementor-section-height-default\" data-id=\"9391a9a\" data-element_type=\"section\" data-settings=\"{&quot;shape_divider_top&quot;:&quot;triangle&quot;}\">\n\t\t\t\t\t<div class=\"elementor-shape elementor-shape-top\" data-negative=\"false\">\n\t\t\t<svg xmlns=\"http:\/\/www.w3.org\/2000\/svg\" viewBox=\"0 0 1000 100\" preserveAspectRatio=\"none\">\n\t<path class=\"elementor-shape-fill\" d=\"M500,98.9L0,6.1V0h1000v6.1L500,98.9z\"\/>\n<\/svg>\t\t<\/div>\n\t\t\t\t\t<div class=\"elementor-container elementor-column-gap-default\">\n\t\t\t\t\t<div class=\"elementor-column elementor-col-100 elementor-inner-column elementor-element elementor-element-f5c7551\" data-id=\"f5c7551\" data-element_type=\"column\">\n\t\t\t<div class=\"elementor-widget-wrap\">\n\t\t\t\t\t\t\t\t\t<\/div>\n\t\t<\/div>\n\t\t\t\t\t\t\t<\/div>\n\t\t<\/section>\n\t\t\t\t<div class=\"elementor-element elementor-element-45e0164 elementor-widget elementor-widget-image\" data-id=\"45e0164\" data-element_type=\"widget\" data-widget_type=\"image.default\">\n\t\t\t\t<div class=\"elementor-widget-container\">\n\t\t\t\t\t\t\t\t\t\t\t\t\t\t\t<img loading=\"lazy\" decoding=\"async\" width=\"300\" height=\"180\" src=\"https:\/\/dr-abbaszadeh.com\/wp-content\/uploads\/2022\/06\/logo-dr.abbaszadeh2-300x180.png\" class=\"attachment-medium size-medium\" alt=\"\" srcset=\"https:\/\/dr-abbaszadeh.com\/wp-content\/uploads\/2022\/06\/logo-dr.abbaszadeh2-300x180.png 300w, https:\/\/dr-abbaszadeh.com\/wp-content\/uploads\/2022\/06\/logo-dr.abbaszadeh2-1024x615.png 1024w, https:\/\/dr-abbaszadeh.com\/wp-content\/uploads\/2022\/06\/logo-dr.abbaszadeh2-768x462.png 768w, https:\/\/dr-abbaszadeh.com\/wp-content\/uploads\/2022\/06\/logo-dr.abbaszadeh2-243x146.png 243w, https:\/\/dr-abbaszadeh.com\/wp-content\/uploads\/2022\/06\/logo-dr.abbaszadeh2-50x30.png 50w, https:\/\/dr-abbaszadeh.com\/wp-content\/uploads\/2022\/06\/logo-dr.abbaszadeh2-125x75.png 125w, https:\/\/dr-abbaszadeh.com\/wp-content\/uploads\/2022\/06\/logo-dr.abbaszadeh2.png 1070w\" sizes=\"auto, (max-width: 300px) 100vw, 300px\" \/>\t\t\t\t\t\t\t\t\t\t\t\t\t\t\t<\/div>\n\t\t\t\t<\/div>\n\t\t\t\t<div class=\"elementor-element elementor-element-d615ccc elementor-widget elementor-widget-heading\" data-id=\"d615ccc\" data-element_type=\"widget\" data-widget_type=\"heading.default\">\n\t\t\t\t<div class=\"elementor-widget-container\">\n\t\t\t<h3 class=\"elementor-heading-title elementor-size-default\">AYEZ DE LA CHANCE AVEC NOUS\u00a0!<\/h3>\t\t<\/div>\n\t\t\t\t<\/div>\n\t\t\t\t<div class=\"elementor-element elementor-element-492af5b elementor-widget elementor-widget-text-editor\" data-id=\"492af5b\" data-element_type=\"widget\" data-widget_type=\"text-editor.default\">\n\t\t\t\t<div class=\"elementor-widget-container\">\n\t\t\t\t\t\t\t<p>Cliquez sur \u00ab\u00a0J&rsquo;ai de la chance\u00ab\u00a0 et d\u00e9couvrez nos derni\u00e8res offres et prix.<\/p>\t\t\t\t\t\t<\/div>\n\t\t\t\t<\/div>\n\t\t\t\t<div class=\"elementor-element elementor-element-8b7a642 elementor-align-center elementor-widget elementor-widget-button\" data-id=\"8b7a642\" data-element_type=\"widget\" data-widget_type=\"button.default\">\n\t\t\t\t<div class=\"elementor-widget-container\">\n\t\t\t\t\t<div class=\"elementor-button-wrapper\">\n\t\t\t<a href=\"#\" class=\"elementor-button-link elementor-button elementor-size-sm\" role=\"button\">\n\t\t\t\t\t\t<span class=\"elementor-button-content-wrapper\">\n\t\t\t\t\t\t<span class=\"elementor-button-text\">J'ai de la chance<\/span>\n\t\t<\/span>\n\t\t\t\t\t<\/a>\n\t\t<\/div>\n\t\t\t\t<\/div>\n\t\t\t\t<\/div>\n\t\t\t\t\t<\/div>\n\t\t<\/div>\n\t\t\t\t\t\t\t<\/div>\n\t\t<\/section>\n\t\t\t\t\t\t<\/div>\n\t\t\t\t\t<\/div>\n\t\t","protected":false},"excerpt":{"rendered":"<p>\u00c0 propos de nous: En donnant notre c\u0153ur au secteur de la sant\u00e9, nous avons fait nos premiers pas sur cette voie il y a de<span class=\"excerpt-hellip\"> [\u2026]<\/span><\/p>\n","protected":false},"author":1,"featured_media":0,"parent":0,"menu_order":0,"comment_status":"closed","ping_status":"closed","template":"","meta":{"footnotes":""},"class_list":["post-1350","page","type-page","status-publish","hentry"],"_links":{"self":[{"href":"https:\/\/dr-abbaszadeh.com\/fr\/wp-json\/wp\/v2\/pages\/1350","targetHints":{"allow":["GET"]}}],"collection":[{"href":"https:\/\/dr-abbaszadeh.com\/fr\/wp-json\/wp\/v2\/pages"}],"about":[{"href":"https:\/\/dr-abbaszadeh.com\/fr\/wp-json\/wp\/v2\/types\/page"}],"author":[{"embeddable":true,"href":"https:\/\/dr-abbaszadeh.com\/fr\/wp-json\/wp\/v2\/users\/1"}],"replies":[{"embeddable":true,"href":"https:\/\/dr-abbaszadeh.com\/fr\/wp-json\/wp\/v2\/comments?post=1350"}],"version-history":[{"count":6,"href":"https:\/\/dr-abbaszadeh.com\/fr\/wp-json\/wp\/v2\/pages\/1350\/revisions"}],"predecessor-version":[{"id":1356,"href":"https:\/\/dr-abbaszadeh.com\/fr\/wp-json\/wp\/v2\/pages\/1350\/revisions\/1356"}],"wp:attachment":[{"href":"https:\/\/dr-abbaszadeh.com\/fr\/wp-json\/wp\/v2\/media?parent=1350"}],"curies":[{"name":"wp","href":"https:\/\/api.w.org\/{rel}","templated":true}]}}