{"id":1767,"date":"2022-08-17T06:34:40","date_gmt":"2022-08-17T06:34:40","guid":{"rendered":"https:\/\/dr-abbaszadeh.com\/chi-siamo\/"},"modified":"2022-08-17T06:55:08","modified_gmt":"2022-08-17T06:55:08","slug":"chi-siamo","status":"publish","type":"page","link":"https:\/\/dr-abbaszadeh.com\/it\/chi-siamo\/","title":{"rendered":"chi siamo"},"content":{"rendered":"\t\t<div data-elementor-type=\"wp-page\" data-elementor-id=\"1767\" class=\"elementor elementor-1767\" data-elementor-settings=\"[]\">\n\t\t\t\t\t\t\t<div class=\"elementor-section-wrap\">\n\t\t\t\t\t\t\t<section class=\"elementor-section elementor-top-section elementor-element elementor-element-b7a659c elementor-section-stretched elementor-section-boxed elementor-section-height-default elementor-section-height-default\" data-id=\"b7a659c\" data-element_type=\"section\" data-settings=\"{&quot;stretch_section&quot;:&quot;section-stretched&quot;}\">\n\t\t\t\t\t\t<div class=\"elementor-container elementor-column-gap-default\">\n\t\t\t\t\t<div class=\"elementor-column elementor-col-100 elementor-top-column elementor-element elementor-element-127e495\" data-id=\"127e495\" data-element_type=\"column\">\n\t\t\t<div class=\"elementor-widget-wrap elementor-element-populated\">\n\t\t\t\t\t\t\t\t<div class=\"elementor-element elementor-element-eac6309 elementor-widget elementor-widget-heading\" data-id=\"eac6309\" data-element_type=\"widget\" data-widget_type=\"heading.default\">\n\t\t\t\t<div class=\"elementor-widget-container\">\n\t\t\t<style>\/*! elementor - v3.5.3 - 28-12-2021 *\/\n.elementor-heading-title{padding:0;margin:0;line-height:1}.elementor-widget-heading .elementor-heading-title[class*=elementor-size-]>a{color:inherit;font-size:inherit;line-height:inherit}.elementor-widget-heading .elementor-heading-title.elementor-size-small{font-size:15px}.elementor-widget-heading .elementor-heading-title.elementor-size-medium{font-size:19px}.elementor-widget-heading .elementor-heading-title.elementor-size-large{font-size:29px}.elementor-widget-heading .elementor-heading-title.elementor-size-xl{font-size:39px}.elementor-widget-heading .elementor-heading-title.elementor-size-xxl{font-size:59px}<\/style><h3 class=\"elementor-heading-title elementor-size-default\">Chi siamo: \n<\/h3>\t\t<\/div>\n\t\t\t\t<\/div>\n\t\t\t\t<div class=\"elementor-element elementor-element-e564abb elementor-widget elementor-widget-text-editor\" data-id=\"e564abb\" data-element_type=\"widget\" data-widget_type=\"text-editor.default\">\n\t\t\t\t<div class=\"elementor-widget-container\">\n\t\t\t<style>\/*! elementor - v3.5.3 - 28-12-2021 *\/\n.elementor-widget-text-editor.elementor-drop-cap-view-stacked .elementor-drop-cap{background-color:#818a91;color:#fff}.elementor-widget-text-editor.elementor-drop-cap-view-framed .elementor-drop-cap{color:#818a91;border:3px solid;background-color:transparent}.elementor-widget-text-editor:not(.elementor-drop-cap-view-default) .elementor-drop-cap{margin-top:8px}.elementor-widget-text-editor:not(.elementor-drop-cap-view-default) .elementor-drop-cap-letter{width:1em;height:1em}.elementor-widget-text-editor .elementor-drop-cap{float:left;text-align:center;line-height:1;font-size:50px}.elementor-widget-text-editor .elementor-drop-cap-letter{display:inline-block}<\/style>\t\t\t\t<p>Dedicandoci anima e corpo al settore sanitario, abbiamo mosso i primi passi in questa direzione molti anni fa e oggi offriamo i nostri servizi in alcuni centri medici, cliniche e diversi ospedali di Istanbul, che la nostra azienda considera come membri della famiglia. In modo rapido e semplice, offriamo l&#8217;accettazione del paziente secondo gli standard internazionali, una tecnologia all&#8217;avanguardia e un personale esperto.<br \/>Forniamo servizi medici relativi al trattamento e al trapianto dei capelli, alla chirurgia plastica e medicina estetica, alla implantologia dentale e altri trattamenti odontoiatrici; offriamo qualsiasi diagnosi medica come anche trattamenti e servizi relativi alla riduzione dello stomaco per combattere l&#8217;obesit\u00e0 e il diabete (operazioni di gastrectomia a manica e altri interventi chirurgici allo stomaco); infine \u00a0offriamo trattamenti chirurgici e oncologici di tutti i tipi di tumore presso diversi ospedali, cliniche e istituzioni sanitarie di Istanbul. Forniamo servizi di prim&#8217;ordine assicurandoci di fare tutto il necessario per ottenere i migliori risultati, con l&#8217;aiuto di medici e odontoiatri esperti.<br \/>Secondo la ricerca che abbiamo eseguito in molti paesi come gli Stati Uniti d&#8217;America, il Canada, l&#8217;Australia, l&#8217;Europa, la Russia, l&#8217;Idia, i paesi del Medio Oriente e la Cina, il costo di tutti i servizi sanitari di qualit\u00e0 \u00e8 alto. Richiedono molto tempo per fare la scelta giusta. Tuttavia, forniamo servizi di qualit\u00e0 superiore a prezzi accessibili, affidandoci ai migliori medici di Istanbul. Siamo orgogliosi di fornire questi servizi a Istanbul, citt\u00e0 storica, centro delle civilt\u00e0 e bellissima metropoli.<br \/>Forniamo servizi sanitari dei pi\u00f9 alti standard al mondo e ci approcciamo a tutti i nostri pazienti con una prospettiva multidisciplinare. Inoltre, il gruppo di supporto non-medico della nostra \u00e9quipe aiuta i nostri pazienti a raggiungere la splendida citt\u00e0 storica di Istanbul in sicurezza. Oltre al biglietto del viaggio, organizziamo anche i trasferimenti tra l&#8217;aeroporto e l&#8217;hotel, selezionando e prenotando le strutture. Il nostro obiettivo \u00e8 quello di impegnarci al massimo per fornire servizi sanitari della migliore qualit\u00e0 e di seguire da vicino il mondo della Medicina e della Scienza.<br \/>Saremo sempre al vostro fianco con il nostro personale esperto, convinti che la salute sia il bene pi\u00f9 prezioso per gli esseri umani.<\/p>\t\t\t\t\t\t<\/div>\n\t\t\t\t<\/div>\n\t\t\t\t<div class=\"elementor-element elementor-element-92a2a75 elementor-widget-divider--view-line elementor-widget elementor-widget-divider\" data-id=\"92a2a75\" data-element_type=\"widget\" data-widget_type=\"divider.default\">\n\t\t\t\t<div class=\"elementor-widget-container\">\n\t\t\t<style>\/*! elementor - v3.5.3 - 28-12-2021 *\/\n.elementor-widget-divider{--divider-border-style:none;--divider-border-width:1px;--divider-color:#2c2c2c;--divider-icon-size:20px;--divider-element-spacing:10px;--divider-pattern-height:24px;--divider-pattern-size:20px;--divider-pattern-url:none;--divider-pattern-repeat:repeat-x}.elementor-widget-divider .elementor-divider{display:-webkit-box;display:-ms-flexbox;display:flex}.elementor-widget-divider .elementor-divider__text{font-size:15px;line-height:1;max-width:95%}.elementor-widget-divider .elementor-divider__element{margin:0 var(--divider-element-spacing);-ms-flex-negative:0;flex-shrink:0}.elementor-widget-divider .elementor-icon{font-size:var(--divider-icon-size)}.elementor-widget-divider .elementor-divider-separator{display:-webkit-box;display:-ms-flexbox;display:flex;margin:0;direction:ltr}.elementor-widget-divider--view-line_icon .elementor-divider-separator,.elementor-widget-divider--view-line_text .elementor-divider-separator{-webkit-box-align:center;-ms-flex-align:center;align-items:center}.elementor-widget-divider--view-line_icon .elementor-divider-separator:after,.elementor-widget-divider--view-line_icon .elementor-divider-separator:before,.elementor-widget-divider--view-line_text .elementor-divider-separator:after,.elementor-widget-divider--view-line_text .elementor-divider-separator:before{display:block;content:\"\";border-bottom:0;-webkit-box-flex:1;-ms-flex-positive:1;flex-grow:1;border-top:var(--divider-border-width) var(--divider-border-style) var(--divider-color)}.elementor-widget-divider--element-align-left .elementor-divider .elementor-divider-separator>.elementor-divider__svg:first-of-type{-webkit-box-flex:0;-ms-flex-positive:0;flex-grow:0;-ms-flex-negative:100;flex-shrink:100}.elementor-widget-divider--element-align-left .elementor-divider-separator:before{content:none}.elementor-widget-divider--element-align-left .elementor-divider__element{margin-left:0}.elementor-widget-divider--element-align-right .elementor-divider .elementor-divider-separator>.elementor-divider__svg:last-of-type{-webkit-box-flex:0;-ms-flex-positive:0;flex-grow:0;-ms-flex-negative:100;flex-shrink:100}.elementor-widget-divider--element-align-right .elementor-divider-separator:after{content:none}.elementor-widget-divider--element-align-right .elementor-divider__element{margin-right:0}.elementor-widget-divider:not(.elementor-widget-divider--view-line_text):not(.elementor-widget-divider--view-line_icon) .elementor-divider-separator{border-top:var(--divider-border-width) var(--divider-border-style) var(--divider-color)}.elementor-widget-divider--separator-type-pattern{--divider-border-style:none}.elementor-widget-divider--separator-type-pattern.elementor-widget-divider--view-line .elementor-divider-separator,.elementor-widget-divider--separator-type-pattern:not(.elementor-widget-divider--view-line) .elementor-divider-separator:after,.elementor-widget-divider--separator-type-pattern:not(.elementor-widget-divider--view-line) .elementor-divider-separator:before,.elementor-widget-divider--separator-type-pattern:not([class*=elementor-widget-divider--view]) .elementor-divider-separator{width:100%;min-height:var(--divider-pattern-height);-webkit-mask-size:var(--divider-pattern-size) 100%;mask-size:var(--divider-pattern-size) 100%;-webkit-mask-repeat:var(--divider-pattern-repeat);mask-repeat:var(--divider-pattern-repeat);background-color:var(--divider-color);-webkit-mask-image:var(--divider-pattern-url);mask-image:var(--divider-pattern-url)}.elementor-widget-divider--no-spacing{--divider-pattern-size:auto}.elementor-widget-divider--bg-round{--divider-pattern-repeat:round}.rtl .elementor-widget-divider .elementor-divider__text{direction:rtl}<\/style>\t\t<div class=\"elementor-divider\">\n\t\t\t<span class=\"elementor-divider-separator\">\n\t\t\t\t\t\t<\/span>\n\t\t<\/div>\n\t\t\t\t<\/div>\n\t\t\t\t<\/div>\n\t\t\t\t\t<\/div>\n\t\t<\/div>\n\t\t\t\t\t\t\t<\/div>\n\t\t<\/section>\n\t\t\t\t<section class=\"elementor-section elementor-top-section elementor-element elementor-element-927fc27 elementor-section-stretched elementor-section-boxed elementor-section-height-default elementor-section-height-default\" data-id=\"927fc27\" data-element_type=\"section\" data-settings=\"{&quot;stretch_section&quot;:&quot;section-stretched&quot;}\">\n\t\t\t\t\t\t<div class=\"elementor-container elementor-column-gap-default\">\n\t\t\t\t\t<div class=\"elementor-column elementor-col-66 elementor-top-column elementor-element elementor-element-0777bba\" data-id=\"0777bba\" data-element_type=\"column\">\n\t\t\t<div class=\"elementor-widget-wrap elementor-element-populated\">\n\t\t\t\t\t\t\t\t<div class=\"elementor-element elementor-element-4ae9321 elementor-widget elementor-widget-heading\" data-id=\"4ae9321\" data-element_type=\"widget\" data-widget_type=\"heading.default\">\n\t\t\t\t<div class=\"elementor-widget-container\">\n\t\t\t<h3 class=\"elementor-heading-title elementor-size-default\">Chi sono:\n<\/h3>\t\t<\/div>\n\t\t\t\t<\/div>\n\t\t\t\t<div class=\"elementor-element elementor-element-b83b7f2 elementor-widget elementor-widget-text-editor\" data-id=\"b83b7f2\" data-element_type=\"widget\" data-widget_type=\"text-editor.default\">\n\t\t\t\t<div class=\"elementor-widget-container\">\n\t\t\t\t\t\t\t<p>Sono il Dr. Hamid ABBASZADEH Medico e Radiologo abilitato e la mia area di specializzazione \u00e8 la Radiodiagnosi.<br \/>Ho iniziato il mio viaggio medico alla Ege University Medical School di \u0130zmir, in Turchia, ho studiato Radiodiagnosi Specialistica alla Istanbul University Medical School e ho continuato la mia formazione e il mio lavoro negli Stati Uniti d&#8217;America. Dopo aver lavorato e ampliato le mie conoscenze nel campo della radiologia presso lo Sutter Health (uno dei ben noti gruppi ospedalieri nello Stato della California) per otto anni, ho deciso di tornare a Istanbul e proseguire la mia carriera qui a Istanbul, Turchia.<br \/>Dopo il mio ritorno a Istanbul, ho svolto diverse attivit\u00e0 relative alla radiologia presso il Dipartimento di Radiologia dell&#8217;Universit\u00e0 di Medicina. Inoltre, sono professore associato presso un Dipartimento privato di Radiologia dell&#8217;Universit\u00e0 di Medicina e capo del dipartimento di radiologia presso due centri medici chirurgici privati a Istanbul, Turchia.<br \/>Inoltre, ho conseguito diversi attestati di radiologia in tutto il mondo.<\/p>\t\t\t\t\t\t<\/div>\n\t\t\t\t<\/div>\n\t\t\t\t\t<\/div>\n\t\t<\/div>\n\t\t\t\t<div class=\"elementor-column elementor-col-33 elementor-top-column elementor-element elementor-element-f93f64d\" data-id=\"f93f64d\" data-element_type=\"column\">\n\t\t\t<div class=\"elementor-widget-wrap elementor-element-populated\">\n\t\t\t\t\t\t\t\t<div class=\"elementor-element elementor-element-8f2d3b7 elementor-widget elementor-widget-image\" data-id=\"8f2d3b7\" data-element_type=\"widget\" data-widget_type=\"image.default\">\n\t\t\t\t<div class=\"elementor-widget-container\">\n\t\t\t<style>\/*! elementor - v3.5.3 - 28-12-2021 *\/\n.elementor-widget-image{text-align:center}.elementor-widget-image a{display:inline-block}.elementor-widget-image a img[src$=\".svg\"]{width:48px}.elementor-widget-image img{vertical-align:middle;display:inline-block}<\/style>\t\t\t\t\t\t\t\t\t\t\t\t<img loading=\"lazy\" decoding=\"async\" width=\"1024\" height=\"1016\" src=\"https:\/\/dr-abbaszadeh.com\/wp-content\/uploads\/2022\/07\/WhatsApp-Image-2022-07-06-at-3.33.05-PM-1024x1016.jpeg\" class=\"attachment-large size-large\" alt=\"\" srcset=\"https:\/\/dr-abbaszadeh.com\/wp-content\/uploads\/2022\/07\/WhatsApp-Image-2022-07-06-at-3.33.05-PM-1024x1016.jpeg 1024w, https:\/\/dr-abbaszadeh.com\/wp-content\/uploads\/2022\/07\/WhatsApp-Image-2022-07-06-at-3.33.05-PM-300x298.jpeg 300w, https:\/\/dr-abbaszadeh.com\/wp-content\/uploads\/2022\/07\/WhatsApp-Image-2022-07-06-at-3.33.05-PM-150x150.jpeg 150w, https:\/\/dr-abbaszadeh.com\/wp-content\/uploads\/2022\/07\/WhatsApp-Image-2022-07-06-at-3.33.05-PM-768x762.jpeg 768w, https:\/\/dr-abbaszadeh.com\/wp-content\/uploads\/2022\/07\/WhatsApp-Image-2022-07-06-at-3.33.05-PM-147x146.jpeg 147w, https:\/\/dr-abbaszadeh.com\/wp-content\/uploads\/2022\/07\/WhatsApp-Image-2022-07-06-at-3.33.05-PM-50x50.jpeg 50w, https:\/\/dr-abbaszadeh.com\/wp-content\/uploads\/2022\/07\/WhatsApp-Image-2022-07-06-at-3.33.05-PM-76x75.jpeg 76w, https:\/\/dr-abbaszadeh.com\/wp-content\/uploads\/2022\/07\/WhatsApp-Image-2022-07-06-at-3.33.05-PM-85x85.jpeg 85w, https:\/\/dr-abbaszadeh.com\/wp-content\/uploads\/2022\/07\/WhatsApp-Image-2022-07-06-at-3.33.05-PM-80x80.jpeg 80w, https:\/\/dr-abbaszadeh.com\/wp-content\/uploads\/2022\/07\/WhatsApp-Image-2022-07-06-at-3.33.05-PM.jpeg 1125w\" sizes=\"auto, (max-width: 1024px) 100vw, 1024px\" \/>\t\t\t\t\t\t\t\t\t\t\t\t\t\t\t<\/div>\n\t\t\t\t<\/div>\n\t\t\t\t\t<\/div>\n\t\t<\/div>\n\t\t\t\t\t\t\t<\/div>\n\t\t<\/section>\n\t\t\t\t<section class=\"elementor-section elementor-top-section elementor-element elementor-element-a5f55c6 elementor-section-stretched elementor-section-boxed elementor-section-height-default elementor-section-height-default\" data-id=\"a5f55c6\" data-element_type=\"section\" data-settings=\"{&quot;stretch_section&quot;:&quot;section-stretched&quot;,&quot;background_background&quot;:&quot;classic&quot;}\">\n\t\t\t\t\t\t<div class=\"elementor-container elementor-column-gap-default\">\n\t\t\t\t\t<div class=\"elementor-column elementor-col-100 elementor-top-column elementor-element elementor-element-2576f14\" data-id=\"2576f14\" data-element_type=\"column\">\n\t\t\t<div class=\"elementor-widget-wrap elementor-element-populated\">\n\t\t\t\t\t\t\t\t<section class=\"elementor-section elementor-inner-section elementor-element elementor-element-2bee3a0 elementor-section-boxed elementor-section-height-default elementor-section-height-default\" data-id=\"2bee3a0\" data-element_type=\"section\" data-settings=\"{&quot;shape_divider_top&quot;:&quot;triangle&quot;}\">\n\t\t\t\t\t<div class=\"elementor-shape elementor-shape-top\" data-negative=\"false\">\n\t\t\t<svg xmlns=\"http:\/\/www.w3.org\/2000\/svg\" viewBox=\"0 0 1000 100\" preserveAspectRatio=\"none\">\n\t<path class=\"elementor-shape-fill\" d=\"M500,98.9L0,6.1V0h1000v6.1L500,98.9z\"\/>\n<\/svg>\t\t<\/div>\n\t\t\t\t\t<div class=\"elementor-container elementor-column-gap-default\">\n\t\t\t\t\t<div class=\"elementor-column elementor-col-100 elementor-inner-column elementor-element elementor-element-42c2f4e\" data-id=\"42c2f4e\" data-element_type=\"column\">\n\t\t\t<div class=\"elementor-widget-wrap\">\n\t\t\t\t\t\t\t\t\t<\/div>\n\t\t<\/div>\n\t\t\t\t\t\t\t<\/div>\n\t\t<\/section>\n\t\t\t\t<div class=\"elementor-element elementor-element-a570ed9 elementor-widget elementor-widget-image\" data-id=\"a570ed9\" data-element_type=\"widget\" data-widget_type=\"image.default\">\n\t\t\t\t<div class=\"elementor-widget-container\">\n\t\t\t\t\t\t\t\t\t\t\t\t\t\t\t<img loading=\"lazy\" decoding=\"async\" width=\"300\" height=\"180\" src=\"https:\/\/dr-abbaszadeh.com\/wp-content\/uploads\/2022\/06\/logo-dr.abbaszadeh2-300x180.png\" class=\"attachment-medium size-medium\" alt=\"\" srcset=\"https:\/\/dr-abbaszadeh.com\/wp-content\/uploads\/2022\/06\/logo-dr.abbaszadeh2-300x180.png 300w, https:\/\/dr-abbaszadeh.com\/wp-content\/uploads\/2022\/06\/logo-dr.abbaszadeh2-1024x615.png 1024w, https:\/\/dr-abbaszadeh.com\/wp-content\/uploads\/2022\/06\/logo-dr.abbaszadeh2-768x462.png 768w, https:\/\/dr-abbaszadeh.com\/wp-content\/uploads\/2022\/06\/logo-dr.abbaszadeh2-243x146.png 243w, https:\/\/dr-abbaszadeh.com\/wp-content\/uploads\/2022\/06\/logo-dr.abbaszadeh2-50x30.png 50w, https:\/\/dr-abbaszadeh.com\/wp-content\/uploads\/2022\/06\/logo-dr.abbaszadeh2-125x75.png 125w, https:\/\/dr-abbaszadeh.com\/wp-content\/uploads\/2022\/06\/logo-dr.abbaszadeh2.png 1070w\" sizes=\"auto, (max-width: 300px) 100vw, 300px\" \/>\t\t\t\t\t\t\t\t\t\t\t\t\t\t\t<\/div>\n\t\t\t\t<\/div>\n\t\t\t\t<div class=\"elementor-element elementor-element-185f676 elementor-widget elementor-widget-heading\" data-id=\"185f676\" data-element_type=\"widget\" data-widget_type=\"heading.default\">\n\t\t\t\t<div class=\"elementor-widget-container\">\n\t\t\t<h3 class=\"elementor-heading-title elementor-size-default\">FAI FORTUNA CON NOI!<\/h3>\t\t<\/div>\n\t\t\t\t<\/div>\n\t\t\t\t<div class=\"elementor-element elementor-element-64620e8 elementor-widget elementor-widget-text-editor\" data-id=\"64620e8\" data-element_type=\"widget\" data-widget_type=\"text-editor.default\">\n\t\t\t\t<div class=\"elementor-widget-container\">\n\t\t\t\t\t\t\t<p>Fai clic su &#8220;Sono fortunato&#8221; e scopri le nostre ultime offerte e prezzi.<\/p>\t\t\t\t\t\t<\/div>\n\t\t\t\t<\/div>\n\t\t\t\t<div class=\"elementor-element elementor-element-9168b1d elementor-align-center elementor-widget elementor-widget-button\" data-id=\"9168b1d\" data-element_type=\"widget\" data-widget_type=\"button.default\">\n\t\t\t\t<div class=\"elementor-widget-container\">\n\t\t\t\t\t<div class=\"elementor-button-wrapper\">\n\t\t\t<a href=\"#\" class=\"elementor-button-link elementor-button elementor-size-sm\" role=\"button\">\n\t\t\t\t\t\t<span class=\"elementor-button-content-wrapper\">\n\t\t\t\t\t\t<span class=\"elementor-button-text\">io sono fortunato<\/span>\n\t\t<\/span>\n\t\t\t\t\t<\/a>\n\t\t<\/div>\n\t\t\t\t<\/div>\n\t\t\t\t<\/div>\n\t\t\t\t\t<\/div>\n\t\t<\/div>\n\t\t\t\t\t\t\t<\/div>\n\t\t<\/section>\n\t\t\t\t\t\t<\/div>\n\t\t\t\t\t<\/div>\n\t\t","protected":false},"excerpt":{"rendered":"<p>Chi siamo: Dedicandoci anima e corpo al settore sanitario, abbiamo mosso i primi passi in questa direzione molti anni fa e oggi offriamo i nostri servizi<span class=\"excerpt-hellip\"> [\u2026]<\/span><\/p>\n","protected":false},"author":1,"featured_media":0,"parent":0,"menu_order":0,"comment_status":"closed","ping_status":"closed","template":"","meta":{"footnotes":""},"class_list":["post-1767","page","type-page","status-publish","hentry"],"_links":{"self":[{"href":"https:\/\/dr-abbaszadeh.com\/it\/wp-json\/wp\/v2\/pages\/1767","targetHints":{"allow":["GET"]}}],"collection":[{"href":"https:\/\/dr-abbaszadeh.com\/it\/wp-json\/wp\/v2\/pages"}],"about":[{"href":"https:\/\/dr-abbaszadeh.com\/it\/wp-json\/wp\/v2\/types\/page"}],"author":[{"embeddable":true,"href":"https:\/\/dr-abbaszadeh.com\/it\/wp-json\/wp\/v2\/users\/1"}],"replies":[{"embeddable":true,"href":"https:\/\/dr-abbaszadeh.com\/it\/wp-json\/wp\/v2\/comments?post=1767"}],"version-history":[{"count":3,"href":"https:\/\/dr-abbaszadeh.com\/it\/wp-json\/wp\/v2\/pages\/1767\/revisions"}],"predecessor-version":[{"id":1782,"href":"https:\/\/dr-abbaszadeh.com\/it\/wp-json\/wp\/v2\/pages\/1767\/revisions\/1782"}],"wp:attachment":[{"href":"https:\/\/dr-abbaszadeh.com\/it\/wp-json\/wp\/v2\/media?parent=1767"}],"curies":[{"name":"wp","href":"https:\/\/api.w.org\/{rel}","templated":true}]}}