{"id":85,"date":"2021-08-26T11:56:36","date_gmt":"2021-08-26T11:56:36","guid":{"rendered":"https:\/\/mzagorski.h2g.pl\/be\/dentist4\/?page_id=17"},"modified":"2022-07-05T06:43:51","modified_gmt":"2022-07-05T06:43:51","slug":"services","status":"publish","type":"page","link":"https:\/\/dr-abbaszadeh.com\/tr\/services\/","title":{"rendered":"H\u0130ZMETLER"},"content":{"rendered":"\t\t<div data-elementor-type=\"wp-page\" data-elementor-id=\"85\" class=\"elementor elementor-85\" data-elementor-settings=\"[]\">\n\t\t\t\t\t\t\t<div class=\"elementor-section-wrap\">\n\t\t\t\t\t\t\t<section class=\"elementor-section elementor-top-section elementor-element elementor-element-9790709 elementor-section-stretched elementor-section-boxed elementor-section-height-default elementor-section-height-default\" data-id=\"9790709\" data-element_type=\"section\" data-settings=\"{&quot;stretch_section&quot;:&quot;section-stretched&quot;,&quot;background_background&quot;:&quot;classic&quot;}\">\n\t\t\t\t\t\t<div class=\"elementor-container elementor-column-gap-wider\">\n\t\t\t\t\t<div class=\"elementor-column elementor-col-100 elementor-top-column elementor-element elementor-element-7654816\" data-id=\"7654816\" data-element_type=\"column\">\n\t\t\t<div class=\"elementor-widget-wrap elementor-element-populated\">\n\t\t\t\t\t\t\t\t<section class=\"elementor-section elementor-inner-section elementor-element elementor-element-a63004e elementor-section-boxed elementor-section-height-default elementor-section-height-default\" data-id=\"a63004e\" data-element_type=\"section\">\n\t\t\t\t\t\t<div class=\"elementor-container elementor-column-gap-default\">\n\t\t\t\t\t<div class=\"elementor-column elementor-col-33 elementor-inner-column elementor-element elementor-element-0101b7c\" data-id=\"0101b7c\" data-element_type=\"column\">\n\t\t\t<div class=\"elementor-widget-wrap\">\n\t\t\t\t\t\t\t\t\t<\/div>\n\t\t<\/div>\n\t\t\t\t<div class=\"elementor-column elementor-col-33 elementor-inner-column elementor-element elementor-element-e57c050\" data-id=\"e57c050\" data-element_type=\"column\">\n\t\t\t<div class=\"elementor-widget-wrap elementor-element-populated\">\n\t\t\t\t\t\t\t\t<div class=\"elementor-element elementor-element-c100c72 elementor-widget elementor-widget-text-editor\" data-id=\"c100c72\" data-element_type=\"widget\" data-widget_type=\"text-editor.default\">\n\t\t\t\t<div class=\"elementor-widget-container\">\n\t\t\t<style>\/*! elementor - v3.5.3 - 28-12-2021 *\/\n.elementor-widget-text-editor.elementor-drop-cap-view-stacked .elementor-drop-cap{background-color:#818a91;color:#fff}.elementor-widget-text-editor.elementor-drop-cap-view-framed .elementor-drop-cap{color:#818a91;border:3px solid;background-color:transparent}.elementor-widget-text-editor:not(.elementor-drop-cap-view-default) .elementor-drop-cap{margin-top:8px}.elementor-widget-text-editor:not(.elementor-drop-cap-view-default) .elementor-drop-cap-letter{width:1em;height:1em}.elementor-widget-text-editor .elementor-drop-cap{float:left;text-align:center;line-height:1;font-size:50px}.elementor-widget-text-editor .elementor-drop-cap-letter{display:inline-block}<\/style>\t\t\t\t<h6>TREATMENTS<\/h6><h2><span style=\"color: #ffffff;\">We can help you with<\/span><\/h2><p>Dolor convallis rhoncus blandit semper elementum ut etiam et hendrerit inceptos primis interdum suspendisse lorem faucibus in orci torquent aliquet non venenatis morbi<\/p>\t\t\t\t\t\t<\/div>\n\t\t\t\t<\/div>\n\t\t\t\t\t<\/div>\n\t\t<\/div>\n\t\t\t\t<div class=\"elementor-column elementor-col-33 elementor-inner-column elementor-element elementor-element-5f50889\" data-id=\"5f50889\" data-element_type=\"column\">\n\t\t\t<div class=\"elementor-widget-wrap\">\n\t\t\t\t\t\t\t\t\t<\/div>\n\t\t<\/div>\n\t\t\t\t\t\t\t<\/div>\n\t\t<\/section>\n\t\t\t\t<section class=\"elementor-section elementor-inner-section elementor-element elementor-element-57b8022 elementor-section-boxed elementor-section-height-default elementor-section-height-default\" data-id=\"57b8022\" data-element_type=\"section\">\n\t\t\t\t\t\t<div class=\"elementor-container elementor-column-gap-default\">\n\t\t\t\t\t<div class=\"elementor-column elementor-col-50 elementor-inner-column elementor-element elementor-element-6483c9d\" data-id=\"6483c9d\" data-element_type=\"column\" data-settings=\"{&quot;background_background&quot;:&quot;classic&quot;}\">\n\t\t\t<div class=\"elementor-widget-wrap elementor-element-populated\">\n\t\t\t\t\t\t\t\t<div class=\"elementor-element elementor-element-ae5fb8d elementor-widget elementor-widget-image\" data-id=\"ae5fb8d\" data-element_type=\"widget\" data-widget_type=\"image.default\">\n\t\t\t\t<div class=\"elementor-widget-container\">\n\t\t\t<style>\/*! elementor - v3.5.3 - 28-12-2021 *\/\n.elementor-widget-image{text-align:center}.elementor-widget-image a{display:inline-block}.elementor-widget-image a img[src$=\".svg\"]{width:48px}.elementor-widget-image img{vertical-align:middle;display:inline-block}<\/style>\t\t\t\t\t\t\t\t\t\t\t\t<img loading=\"lazy\" decoding=\"async\" width=\"900\" height=\"838\" src=\"https:\/\/dr-abbaszadeh.com\/wp-content\/uploads\/2022\/06\/hair-transplant-dhi-technique.jpg\" class=\"attachment-large size-large\" alt=\"\" srcset=\"https:\/\/dr-abbaszadeh.com\/wp-content\/uploads\/2022\/06\/hair-transplant-dhi-technique.jpg 900w, https:\/\/dr-abbaszadeh.com\/wp-content\/uploads\/2022\/06\/hair-transplant-dhi-technique-300x279.jpg 300w, https:\/\/dr-abbaszadeh.com\/wp-content\/uploads\/2022\/06\/hair-transplant-dhi-technique-768x715.jpg 768w, https:\/\/dr-abbaszadeh.com\/wp-content\/uploads\/2022\/06\/hair-transplant-dhi-technique-157x146.jpg 157w, https:\/\/dr-abbaszadeh.com\/wp-content\/uploads\/2022\/06\/hair-transplant-dhi-technique-50x47.jpg 50w, https:\/\/dr-abbaszadeh.com\/wp-content\/uploads\/2022\/06\/hair-transplant-dhi-technique-81x75.jpg 81w\" sizes=\"auto, (max-width: 900px) 100vw, 900px\" \/>\t\t\t\t\t\t\t\t\t\t\t\t\t\t\t<\/div>\n\t\t\t\t<\/div>\n\t\t\t\t<div class=\"elementor-element elementor-element-4247259 elementor-widget elementor-widget-text-editor\" data-id=\"4247259\" data-element_type=\"widget\" data-widget_type=\"text-editor.default\">\n\t\t\t\t<div class=\"elementor-widget-container\">\n\t\t\t\t\t\t\t<h3>SA\u00c7 EK\u0130M\u0130<\/h3><h5>Tek bir seansta yap\u0131lacak 4500 hatta 5000 greftlik sa\u00e7 ekimi ile k\u0131sa zamanda kelli\u011fe veda edebilirsiniz. <\/h5><p>Bir\u00e7ok sa\u00e7 bak\u0131m y\u00f6ntemi olan Sa\u00e7 A\u015f\u0131s\u0131, PRP, K\u00f6k H\u00fccre Tedavisi gibi y\u00f6ntemler sa\u00e7 d\u00f6k\u00fclmelerinin ve kelli\u011fin tedavisinde ba\u015far\u0131l\u0131 bir \u015fekilde uygulan\u0131r ancak en etkin y\u00f6ntem Sa\u00e7 Ekimi dir.<\/p><p><hr class=\"no_line\" style=\"margin: 0 auto 10px auto\"\/>\n<br \/><a class=\"mfn-link mfn-link-8 \" href=\"https:\/\/dr-abbaszadeh.com\/hair-transplant\/br%20\/\" style=\"\" data-hover=\"READ MORE\" ontouchstart=\"this.classList.toggle('hover');\"  ><span data-hover=\"READ MORE\">READ MORE<\/span><\/a><\/p>\t\t\t\t\t\t<\/div>\n\t\t\t\t<\/div>\n\t\t\t\t\t<\/div>\n\t\t<\/div>\n\t\t\t\t<div class=\"elementor-column elementor-col-50 elementor-inner-column elementor-element elementor-element-d25884d\" data-id=\"d25884d\" data-element_type=\"column\" data-settings=\"{&quot;background_background&quot;:&quot;classic&quot;}\">\n\t\t\t<div class=\"elementor-widget-wrap elementor-element-populated\">\n\t\t\t\t\t\t\t\t<div class=\"elementor-element elementor-element-355a0a3 elementor-widget elementor-widget-image\" data-id=\"355a0a3\" data-element_type=\"widget\" data-widget_type=\"image.default\">\n\t\t\t\t<div class=\"elementor-widget-container\">\n\t\t\t\t\t\t\t\t\t\t\t\t\t\t\t<img loading=\"lazy\" decoding=\"async\" width=\"667\" height=\"667\" src=\"https:\/\/dr-abbaszadeh.com\/wp-content\/uploads\/2022\/06\/shutterstock_506605564_square.jpg\" class=\"attachment-large size-large\" alt=\"\" srcset=\"https:\/\/dr-abbaszadeh.com\/wp-content\/uploads\/2022\/06\/shutterstock_506605564_square.jpg 667w, https:\/\/dr-abbaszadeh.com\/wp-content\/uploads\/2022\/06\/shutterstock_506605564_square-300x300.jpg 300w, https:\/\/dr-abbaszadeh.com\/wp-content\/uploads\/2022\/06\/shutterstock_506605564_square-150x150.jpg 150w, https:\/\/dr-abbaszadeh.com\/wp-content\/uploads\/2022\/06\/shutterstock_506605564_square-146x146.jpg 146w, https:\/\/dr-abbaszadeh.com\/wp-content\/uploads\/2022\/06\/shutterstock_506605564_square-50x50.jpg 50w, https:\/\/dr-abbaszadeh.com\/wp-content\/uploads\/2022\/06\/shutterstock_506605564_square-75x75.jpg 75w, https:\/\/dr-abbaszadeh.com\/wp-content\/uploads\/2022\/06\/shutterstock_506605564_square-85x85.jpg 85w, https:\/\/dr-abbaszadeh.com\/wp-content\/uploads\/2022\/06\/shutterstock_506605564_square-80x80.jpg 80w\" sizes=\"auto, (max-width: 667px) 100vw, 667px\" \/>\t\t\t\t\t\t\t\t\t\t\t\t\t\t\t<\/div>\n\t\t\t\t<\/div>\n\t\t\t\t<div class=\"elementor-element elementor-element-c708bd9 elementor-widget elementor-widget-text-editor\" data-id=\"c708bd9\" data-element_type=\"widget\" data-widget_type=\"text-editor.default\">\n\t\t\t\t<div class=\"elementor-widget-container\">\n\t\t\t\t\t\t\t<h3>All Estatik and Plastic Surgeries<\/h3><h5><span style=\"color: #000;\">Treatment description<\/span><\/h5><p>Habitasse per tempor consectetur vel erat enim molestie vestibulum litora donec litora etiam hendrerit et proin ultricies nostra quam placerat lacinia dictumst interdum egestas portale quisque justo lacus ad consectetur donec porta vivamus sagittis. Class in placerat sed risus hac pharetra<\/p><p><hr class=\"no_line\" style=\"margin: 0 auto 10px auto\"\/>\n<br \/><a class=\"mfn-link mfn-link-8 \" href=\"#\" style=\"\" data-hover=\"READ MORE\" ontouchstart=\"this.classList.toggle('hover');\"  ><span data-hover=\"READ MORE\">READ MORE<\/span><\/a><\/p>\t\t\t\t\t\t<\/div>\n\t\t\t\t<\/div>\n\t\t\t\t\t<\/div>\n\t\t<\/div>\n\t\t\t\t\t\t\t<\/div>\n\t\t<\/section>\n\t\t\t\t<section class=\"elementor-section elementor-inner-section elementor-element elementor-element-a703939 elementor-section-boxed elementor-section-height-default elementor-section-height-default\" data-id=\"a703939\" data-element_type=\"section\">\n\t\t\t\t\t\t<div class=\"elementor-container elementor-column-gap-default\">\n\t\t\t\t\t<div class=\"elementor-column elementor-col-50 elementor-inner-column elementor-element elementor-element-499369b\" data-id=\"499369b\" data-element_type=\"column\" data-settings=\"{&quot;background_background&quot;:&quot;classic&quot;}\">\n\t\t\t<div class=\"elementor-widget-wrap elementor-element-populated\">\n\t\t\t\t\t\t\t\t<div class=\"elementor-element elementor-element-b944a52 elementor-widget elementor-widget-image\" data-id=\"b944a52\" data-element_type=\"widget\" data-widget_type=\"image.default\">\n\t\t\t\t<div class=\"elementor-widget-container\">\n\t\t\t\t\t\t\t\t\t\t\t\t\t\t\t<img loading=\"lazy\" decoding=\"async\" width=\"700\" height=\"467\" src=\"https:\/\/dr-abbaszadeh.com\/wp-content\/uploads\/2022\/06\/WHAT-CAN-I-EXPECT-AFTER-RECEIVING-A-DENTAL-IMPLANT.jpg\" class=\"attachment-large size-large\" alt=\"\" srcset=\"https:\/\/dr-abbaszadeh.com\/wp-content\/uploads\/2022\/06\/WHAT-CAN-I-EXPECT-AFTER-RECEIVING-A-DENTAL-IMPLANT.jpg 700w, https:\/\/dr-abbaszadeh.com\/wp-content\/uploads\/2022\/06\/WHAT-CAN-I-EXPECT-AFTER-RECEIVING-A-DENTAL-IMPLANT-300x200.jpg 300w, https:\/\/dr-abbaszadeh.com\/wp-content\/uploads\/2022\/06\/WHAT-CAN-I-EXPECT-AFTER-RECEIVING-A-DENTAL-IMPLANT-219x146.jpg 219w, https:\/\/dr-abbaszadeh.com\/wp-content\/uploads\/2022\/06\/WHAT-CAN-I-EXPECT-AFTER-RECEIVING-A-DENTAL-IMPLANT-50x33.jpg 50w, https:\/\/dr-abbaszadeh.com\/wp-content\/uploads\/2022\/06\/WHAT-CAN-I-EXPECT-AFTER-RECEIVING-A-DENTAL-IMPLANT-112x75.jpg 112w\" sizes=\"auto, (max-width: 700px) 100vw, 700px\" \/>\t\t\t\t\t\t\t\t\t\t\t\t\t\t\t<\/div>\n\t\t\t\t<\/div>\n\t\t\t\t<div class=\"elementor-element elementor-element-96a209e elementor-widget elementor-widget-text-editor\" data-id=\"96a209e\" data-element_type=\"widget\" data-widget_type=\"text-editor.default\">\n\t\t\t\t<div class=\"elementor-widget-container\">\n\t\t\t\t\t\t\t<h3>Dental \u0130mplants and all other Dental Procedures and treatments<\/h3><h5><span style=\"color: #000;\">Treatment description<\/span><\/h5><p>Duis lacinia blandit morbi etiam curabitur aliquam egestas leo porta lectus aliquam venenatis eget massa rhoncus consectetur nostra arcu at imperdiet velit placerat condimum commodo mivolutpat turpis aliquam elit vivamus per fermen tempus malesuada id per id.<br \/><hr class=\"no_line\" style=\"margin: 0 auto 10px auto\"\/>\n<br \/><a class=\"mfn-link mfn-link-8 \" href=\"#\" style=\"\" data-hover=\"READ MORE\" ontouchstart=\"this.classList.toggle('hover');\"  ><span data-hover=\"READ MORE\">READ MORE<\/span><\/a><\/p>\t\t\t\t\t\t<\/div>\n\t\t\t\t<\/div>\n\t\t\t\t\t<\/div>\n\t\t<\/div>\n\t\t\t\t<div class=\"elementor-column elementor-col-50 elementor-inner-column elementor-element elementor-element-628f524\" data-id=\"628f524\" data-element_type=\"column\" data-settings=\"{&quot;background_background&quot;:&quot;classic&quot;}\">\n\t\t\t<div class=\"elementor-widget-wrap elementor-element-populated\">\n\t\t\t\t\t\t\t\t<div class=\"elementor-element elementor-element-9580264 elementor-widget elementor-widget-image\" data-id=\"9580264\" data-element_type=\"widget\" data-widget_type=\"image.default\">\n\t\t\t\t<div class=\"elementor-widget-container\">\n\t\t\t\t\t\t\t\t\t\t\t\t\t\t\t<img loading=\"lazy\" decoding=\"async\" width=\"650\" height=\"450\" src=\"https:\/\/dr-abbaszadeh.com\/wp-content\/uploads\/2022\/06\/650x450-Uterus-Transplant.jpg\" class=\"attachment-large size-large\" alt=\"\" srcset=\"https:\/\/dr-abbaszadeh.com\/wp-content\/uploads\/2022\/06\/650x450-Uterus-Transplant.jpg 650w, https:\/\/dr-abbaszadeh.com\/wp-content\/uploads\/2022\/06\/650x450-Uterus-Transplant-300x208.jpg 300w, https:\/\/dr-abbaszadeh.com\/wp-content\/uploads\/2022\/06\/650x450-Uterus-Transplant-211x146.jpg 211w, https:\/\/dr-abbaszadeh.com\/wp-content\/uploads\/2022\/06\/650x450-Uterus-Transplant-50x35.jpg 50w, https:\/\/dr-abbaszadeh.com\/wp-content\/uploads\/2022\/06\/650x450-Uterus-Transplant-108x75.jpg 108w\" sizes=\"auto, (max-width: 650px) 100vw, 650px\" \/>\t\t\t\t\t\t\t\t\t\t\t\t\t\t\t<\/div>\n\t\t\t\t<\/div>\n\t\t\t\t<div class=\"elementor-element elementor-element-543de2b elementor-widget elementor-widget-text-editor\" data-id=\"543de2b\" data-element_type=\"widget\" data-widget_type=\"text-editor.default\">\n\t\t\t\t<div class=\"elementor-widget-container\">\n\t\t\t\t\t\t\t<h3>All Medical Surgeries and organ transplants<\/h3><h5><span style=\"color: #000;\">Treatment description<\/span><\/h5><p>Ligula aliquam tempus pellentesque ullamcorper elementum cursus suscipit himenaeos nibh ipsum ipsum congue cursus tellus hac vivamus senectus molestie convallis etiam alquis mauris condimentum consectetur sodales hendrerit nam phasellus nam ipsum aliquam eget.<\/p><p><hr class=\"no_line\" style=\"margin: 0 auto 10px auto\"\/>\n<br \/><a class=\"mfn-link mfn-link-8 \" href=\"#\" style=\"\" data-hover=\"READ MORE\" ontouchstart=\"this.classList.toggle('hover');\"  ><span data-hover=\"READ MORE\">READ MORE<\/span><\/a><\/p>\t\t\t\t\t\t<\/div>\n\t\t\t\t<\/div>\n\t\t\t\t\t<\/div>\n\t\t<\/div>\n\t\t\t\t\t\t\t<\/div>\n\t\t<\/section>\n\t\t\t\t\t<\/div>\n\t\t<\/div>\n\t\t\t\t\t\t\t<\/div>\n\t\t<\/section>\n\t\t\t\t<section class=\"elementor-section elementor-top-section elementor-element elementor-element-3253a32 elementor-section-stretched elementor-section-boxed elementor-section-height-default elementor-section-height-default\" data-id=\"3253a32\" data-element_type=\"section\" data-settings=\"{&quot;stretch_section&quot;:&quot;section-stretched&quot;,&quot;background_background&quot;:&quot;classic&quot;}\">\n\t\t\t\t\t\t<div class=\"elementor-container elementor-column-gap-wider\">\n\t\t\t\t\t<div class=\"elementor-column elementor-col-100 elementor-top-column elementor-element elementor-element-28fbd34\" data-id=\"28fbd34\" data-element_type=\"column\">\n\t\t\t<div class=\"elementor-widget-wrap elementor-element-populated\">\n\t\t\t\t\t\t\t\t<section class=\"elementor-section elementor-inner-section elementor-element elementor-element-333f257 elementor-section-boxed elementor-section-height-default elementor-section-height-default\" data-id=\"333f257\" data-element_type=\"section\">\n\t\t\t\t\t\t<div class=\"elementor-container elementor-column-gap-default\">\n\t\t\t\t\t<div class=\"elementor-column elementor-col-33 elementor-inner-column elementor-element elementor-element-6cebd6d\" data-id=\"6cebd6d\" data-element_type=\"column\">\n\t\t\t<div class=\"elementor-widget-wrap\">\n\t\t\t\t\t\t\t\t\t<\/div>\n\t\t<\/div>\n\t\t\t\t<div class=\"elementor-column elementor-col-33 elementor-inner-column elementor-element elementor-element-714285c\" data-id=\"714285c\" data-element_type=\"column\">\n\t\t\t<div class=\"elementor-widget-wrap elementor-element-populated\">\n\t\t\t\t\t\t\t\t<div class=\"elementor-element elementor-element-7ddd779 elementor-widget elementor-widget-text-editor\" data-id=\"7ddd779\" data-element_type=\"widget\" data-widget_type=\"text-editor.default\">\n\t\t\t\t<div class=\"elementor-widget-container\">\n\t\t\t\t\t\t\t<h6>PRICING<\/h6>\n<h2>Dental treatment price list<\/h2>\t\t\t\t\t\t<\/div>\n\t\t\t\t<\/div>\n\t\t\t\t\t<\/div>\n\t\t<\/div>\n\t\t\t\t<div class=\"elementor-column elementor-col-33 elementor-inner-column elementor-element elementor-element-25dfba1\" data-id=\"25dfba1\" data-element_type=\"column\">\n\t\t\t<div class=\"elementor-widget-wrap\">\n\t\t\t\t\t\t\t\t\t<\/div>\n\t\t<\/div>\n\t\t\t\t\t\t\t<\/div>\n\t\t<\/section>\n\t\t\t\t<section class=\"elementor-section elementor-inner-section elementor-element elementor-element-3ec36b1 elementor-section-boxed elementor-section-height-default elementor-section-height-default\" data-id=\"3ec36b1\" data-element_type=\"section\">\n\t\t\t\t\t\t<div class=\"elementor-container elementor-column-gap-default\">\n\t\t\t\t\t<div class=\"elementor-column elementor-col-33 elementor-inner-column elementor-element elementor-element-be4b6ac\" data-id=\"be4b6ac\" data-element_type=\"column\">\n\t\t\t<div class=\"elementor-widget-wrap\">\n\t\t\t\t\t\t\t\t\t<\/div>\n\t\t<\/div>\n\t\t\t\t<div class=\"elementor-column elementor-col-33 elementor-inner-column elementor-element elementor-element-f96ce0d\" data-id=\"f96ce0d\" data-element_type=\"column\">\n\t\t\t<div class=\"elementor-widget-wrap elementor-element-populated\">\n\t\t\t\t\t\t\t\t<div class=\"elementor-element elementor-element-230dd0a elementor-widget elementor-widget-text-editor\" data-id=\"230dd0a\" data-element_type=\"widget\" data-widget_type=\"text-editor.default\">\n\t\t\t\t<div class=\"elementor-widget-container\">\n\t\t\t\t\t\t\t<table class=\"dentist4-table\">\n<tr>\n<td class=\"td1\">Dental Implants<\/td>\n<td class=\"td2\">$500-1500<\/td>\n<\/tr>\n<tr>\n<td class=\"td1\">Dental Veneers (per tooth)<\/td>\n<td class=\"td2\">$100-800<\/td>\n<\/tr>\n<tr>\n<td class=\"td1\">Dental Crown<\/td>\n<td class=\"td2\">$200-1400<\/td>\n<\/tr>\n<tr>\n<td class=\"td1\">Tooth Extraction<\/td>\n<td class=\"td2\">$50-350<\/td>\n<\/tr>\n<tr>\n<td class=\"td1\">Teeth Cleaning<\/td>\n<td class=\"td2\">$30-180<\/td>\n<\/tr>\n<tr>\n<td class=\"td1\">Scaling and Root Planing<\/td>\n<td class=\"td2\">$120-1400<\/td>\n<\/tr>\n<tr>\n<td class=\"td1\">Silver Amalgam Dental Fillings<\/td>\n<td class=\"td2\">$20-220<\/td>\n<\/tr>\n<tr>\n<td class=\"td1\">Teeth Bonding<\/td>\n<td class=\"td2\">$100-800<\/td>\n<\/tr>\n<tr>\n<td class=\"td1\">Root Canal<\/td>\n<td class=\"td2\">$400-2100<\/td>\n<\/tr>\n<\/table>\t\t\t\t\t\t<\/div>\n\t\t\t\t<\/div>\n\t\t\t\t\t<\/div>\n\t\t<\/div>\n\t\t\t\t<div class=\"elementor-column elementor-col-33 elementor-inner-column elementor-element elementor-element-c398d3a\" data-id=\"c398d3a\" data-element_type=\"column\">\n\t\t\t<div class=\"elementor-widget-wrap\">\n\t\t\t\t\t\t\t\t\t<\/div>\n\t\t<\/div>\n\t\t\t\t\t\t\t<\/div>\n\t\t<\/section>\n\t\t\t\t\t<\/div>\n\t\t<\/div>\n\t\t\t\t\t\t\t<\/div>\n\t\t<\/section>\n\t\t\t\t<section class=\"elementor-section elementor-top-section elementor-element elementor-element-c88bff7 elementor-section-stretched elementor-section-boxed elementor-section-height-default elementor-section-height-default\" data-id=\"c88bff7\" data-element_type=\"section\" data-settings=\"{&quot;stretch_section&quot;:&quot;section-stretched&quot;,&quot;background_background&quot;:&quot;classic&quot;}\">\n\t\t\t\t\t\t<div class=\"elementor-container elementor-column-gap-default\">\n\t\t\t\t\t<div class=\"elementor-column elementor-col-100 elementor-top-column elementor-element elementor-element-1ea22dd\" data-id=\"1ea22dd\" data-element_type=\"column\">\n\t\t\t<div class=\"elementor-widget-wrap elementor-element-populated\">\n\t\t\t\t\t\t\t\t<section class=\"elementor-section elementor-inner-section elementor-element elementor-element-1e37079 elementor-section-boxed elementor-section-height-default elementor-section-height-default\" data-id=\"1e37079\" data-element_type=\"section\" data-settings=\"{&quot;shape_divider_top&quot;:&quot;triangle&quot;}\">\n\t\t\t\t\t<div class=\"elementor-shape elementor-shape-top\" data-negative=\"false\">\n\t\t\t<svg xmlns=\"http:\/\/www.w3.org\/2000\/svg\" viewBox=\"0 0 1000 100\" preserveAspectRatio=\"none\">\n\t<path class=\"elementor-shape-fill\" d=\"M500,98.9L0,6.1V0h1000v6.1L500,98.9z\"\/>\n<\/svg>\t\t<\/div>\n\t\t\t\t\t<div class=\"elementor-container elementor-column-gap-default\">\n\t\t\t\t\t<div class=\"elementor-column elementor-col-100 elementor-inner-column elementor-element elementor-element-55f1eaa\" data-id=\"55f1eaa\" data-element_type=\"column\">\n\t\t\t<div class=\"elementor-widget-wrap\">\n\t\t\t\t\t\t\t\t\t<\/div>\n\t\t<\/div>\n\t\t\t\t\t\t\t<\/div>\n\t\t<\/section>\n\t\t\t\t<div class=\"elementor-element elementor-element-5be5782 elementor-widget elementor-widget-image\" data-id=\"5be5782\" data-element_type=\"widget\" data-widget_type=\"image.default\">\n\t\t\t\t<div class=\"elementor-widget-container\">\n\t\t\t\t\t\t\t\t\t\t\t\t\t\t\t<img loading=\"lazy\" decoding=\"async\" width=\"300\" height=\"180\" src=\"https:\/\/dr-abbaszadeh.com\/wp-content\/uploads\/2022\/06\/logo-dr.abbaszadeh2-300x180.png\" class=\"attachment-medium size-medium\" alt=\"\" srcset=\"https:\/\/dr-abbaszadeh.com\/wp-content\/uploads\/2022\/06\/logo-dr.abbaszadeh2-300x180.png 300w, https:\/\/dr-abbaszadeh.com\/wp-content\/uploads\/2022\/06\/logo-dr.abbaszadeh2-1024x615.png 1024w, https:\/\/dr-abbaszadeh.com\/wp-content\/uploads\/2022\/06\/logo-dr.abbaszadeh2-768x462.png 768w, https:\/\/dr-abbaszadeh.com\/wp-content\/uploads\/2022\/06\/logo-dr.abbaszadeh2-243x146.png 243w, https:\/\/dr-abbaszadeh.com\/wp-content\/uploads\/2022\/06\/logo-dr.abbaszadeh2-50x30.png 50w, https:\/\/dr-abbaszadeh.com\/wp-content\/uploads\/2022\/06\/logo-dr.abbaszadeh2-125x75.png 125w, https:\/\/dr-abbaszadeh.com\/wp-content\/uploads\/2022\/06\/logo-dr.abbaszadeh2.png 1070w\" sizes=\"auto, (max-width: 300px) 100vw, 300px\" \/>\t\t\t\t\t\t\t\t\t\t\t\t\t\t\t<\/div>\n\t\t\t\t<\/div>\n\t\t\t\t<div class=\"elementor-element elementor-element-a0da6f5 elementor-widget elementor-widget-heading\" data-id=\"a0da6f5\" data-element_type=\"widget\" data-widget_type=\"heading.default\">\n\t\t\t\t<div class=\"elementor-widget-container\">\n\t\t\t<style>\/*! elementor - v3.5.3 - 28-12-2021 *\/\n.elementor-heading-title{padding:0;margin:0;line-height:1}.elementor-widget-heading .elementor-heading-title[class*=elementor-size-]>a{color:inherit;font-size:inherit;line-height:inherit}.elementor-widget-heading .elementor-heading-title.elementor-size-small{font-size:15px}.elementor-widget-heading .elementor-heading-title.elementor-size-medium{font-size:19px}.elementor-widget-heading .elementor-heading-title.elementor-size-large{font-size:29px}.elementor-widget-heading .elementor-heading-title.elementor-size-xl{font-size:39px}.elementor-widget-heading .elementor-heading-title.elementor-size-xxl{font-size:59px}<\/style><h3 class=\"elementor-heading-title elementor-size-default\">GET LUCKY WITH US!<\/h3>\t\t<\/div>\n\t\t\t\t<\/div>\n\t\t\t\t<div class=\"elementor-element elementor-element-3362df9 elementor-widget elementor-widget-text-editor\" data-id=\"3362df9\" data-element_type=\"widget\" data-widget_type=\"text-editor.default\">\n\t\t\t\t<div class=\"elementor-widget-container\">\n\t\t\t\t\t\t\t<p>Click &#8220;I&#8217;m Lucky&#8220; and find out about our latest offers and prices.<\/p>\t\t\t\t\t\t<\/div>\n\t\t\t\t<\/div>\n\t\t\t\t<div class=\"elementor-element elementor-element-9c87aa1 elementor-align-center elementor-widget elementor-widget-button\" data-id=\"9c87aa1\" data-element_type=\"widget\" data-widget_type=\"button.default\">\n\t\t\t\t<div class=\"elementor-widget-container\">\n\t\t\t\t\t<div class=\"elementor-button-wrapper\">\n\t\t\t<a href=\"#\" class=\"elementor-button-link elementor-button elementor-size-sm\" role=\"button\">\n\t\t\t\t\t\t<span class=\"elementor-button-content-wrapper\">\n\t\t\t\t\t\t<span class=\"elementor-button-text\">Click here<\/span>\n\t\t<\/span>\n\t\t\t\t\t<\/a>\n\t\t<\/div>\n\t\t\t\t<\/div>\n\t\t\t\t<\/div>\n\t\t\t\t\t<\/div>\n\t\t<\/div>\n\t\t\t\t\t\t\t<\/div>\n\t\t<\/section>\n\t\t\t\t\t\t<\/div>\n\t\t\t\t\t<\/div>\n\t\t","protected":false},"excerpt":{"rendered":"<p>TREATMENTS We can help you with Dolor convallis rhoncus blandit semper elementum ut etiam et hendrerit inceptos primis interdum suspendisse lorem faucibus in orci torquent aliquet<span class=\"excerpt-hellip\"> [\u2026]<\/span><\/p>\n","protected":false},"author":1,"featured_media":0,"parent":0,"menu_order":0,"comment_status":"closed","ping_status":"closed","template":"","meta":{"footnotes":""},"class_list":["post-85","page","type-page","status-publish","hentry"],"_links":{"self":[{"href":"https:\/\/dr-abbaszadeh.com\/tr\/wp-json\/wp\/v2\/pages\/85","targetHints":{"allow":["GET"]}}],"collection":[{"href":"https:\/\/dr-abbaszadeh.com\/tr\/wp-json\/wp\/v2\/pages"}],"about":[{"href":"https:\/\/dr-abbaszadeh.com\/tr\/wp-json\/wp\/v2\/types\/page"}],"author":[{"embeddable":true,"href":"https:\/\/dr-abbaszadeh.com\/tr\/wp-json\/wp\/v2\/users\/1"}],"replies":[{"embeddable":true,"href":"https:\/\/dr-abbaszadeh.com\/tr\/wp-json\/wp\/v2\/comments?post=85"}],"version-history":[{"count":32,"href":"https:\/\/dr-abbaszadeh.com\/tr\/wp-json\/wp\/v2\/pages\/85\/revisions"}],"predecessor-version":[{"id":1276,"href":"https:\/\/dr-abbaszadeh.com\/tr\/wp-json\/wp\/v2\/pages\/85\/revisions\/1276"}],"wp:attachment":[{"href":"https:\/\/dr-abbaszadeh.com\/tr\/wp-json\/wp\/v2\/media?parent=85"}],"curies":[{"name":"wp","href":"https:\/\/api.w.org\/{rel}","templated":true}]}}