{"id":87,"date":"2021-08-26T12:20:58","date_gmt":"2021-08-26T12:20:58","guid":{"rendered":"https:\/\/mzagorski.h2g.pl\/be\/dentist4\/?page_id=22"},"modified":"2022-07-09T06:51:03","modified_gmt":"2022-07-09T06:51:03","slug":"about-us","status":"publish","type":"page","link":"https:\/\/dr-abbaszadeh.com\/tr\/about-us\/","title":{"rendered":"HAKKIMIZDA"},"content":{"rendered":"\t\t<div data-elementor-type=\"wp-page\" data-elementor-id=\"87\" class=\"elementor elementor-87\" data-elementor-settings=\"[]\">\n\t\t\t\t\t\t\t<div class=\"elementor-section-wrap\">\n\t\t\t\t\t\t\t<section class=\"elementor-section elementor-top-section elementor-element elementor-element-b7a659c elementor-section-stretched elementor-section-boxed elementor-section-height-default elementor-section-height-default\" data-id=\"b7a659c\" data-element_type=\"section\" data-settings=\"{&quot;stretch_section&quot;:&quot;section-stretched&quot;}\">\n\t\t\t\t\t\t<div class=\"elementor-container elementor-column-gap-default\">\n\t\t\t\t\t<div class=\"elementor-column elementor-col-100 elementor-top-column elementor-element elementor-element-127e495\" data-id=\"127e495\" data-element_type=\"column\">\n\t\t\t<div class=\"elementor-widget-wrap elementor-element-populated\">\n\t\t\t\t\t\t\t\t<div class=\"elementor-element elementor-element-eac6309 elementor-widget elementor-widget-heading\" data-id=\"eac6309\" data-element_type=\"widget\" data-widget_type=\"heading.default\">\n\t\t\t\t<div class=\"elementor-widget-container\">\n\t\t\t<style>\/*! elementor - v3.5.3 - 28-12-2021 *\/\n.elementor-heading-title{padding:0;margin:0;line-height:1}.elementor-widget-heading .elementor-heading-title[class*=elementor-size-]>a{color:inherit;font-size:inherit;line-height:inherit}.elementor-widget-heading .elementor-heading-title.elementor-size-small{font-size:15px}.elementor-widget-heading .elementor-heading-title.elementor-size-medium{font-size:19px}.elementor-widget-heading .elementor-heading-title.elementor-size-large{font-size:29px}.elementor-widget-heading .elementor-heading-title.elementor-size-xl{font-size:39px}.elementor-widget-heading .elementor-heading-title.elementor-size-xxl{font-size:59px}<\/style><h3 class=\"elementor-heading-title elementor-size-default\">Hakk\u0131m\u0131zda:\n<\/h3>\t\t<\/div>\n\t\t\t\t<\/div>\n\t\t\t\t<div class=\"elementor-element elementor-element-e564abb elementor-widget elementor-widget-text-editor\" data-id=\"e564abb\" data-element_type=\"widget\" data-widget_type=\"text-editor.default\">\n\t\t\t\t<div class=\"elementor-widget-container\">\n\t\t\t<style>\/*! elementor - v3.5.3 - 28-12-2021 *\/\n.elementor-widget-text-editor.elementor-drop-cap-view-stacked .elementor-drop-cap{background-color:#818a91;color:#fff}.elementor-widget-text-editor.elementor-drop-cap-view-framed .elementor-drop-cap{color:#818a91;border:3px solid;background-color:transparent}.elementor-widget-text-editor:not(.elementor-drop-cap-view-default) .elementor-drop-cap{margin-top:8px}.elementor-widget-text-editor:not(.elementor-drop-cap-view-default) .elementor-drop-cap-letter{width:1em;height:1em}.elementor-widget-text-editor .elementor-drop-cap{float:left;text-align:center;line-height:1;font-size:50px}.elementor-widget-text-editor .elementor-drop-cap-letter{display:inline-block}<\/style>\t\t\t\t<p><br \/>Sa\u011fl\u0131k sekt\u00f6r\u00fcne g\u00f6nl\u00fcm\u00fcz\u00fc vererek uzun y\u0131llar \u00f6nce bu yolda ilk ad\u0131mlar\u0131m\u0131z\u0131 atarak bug\u00fcn \u0130stanbulda bulunan bir ka\u00e7 T\u0131p Merkezi, Klinikler ve de\u011fi\u015fik hastanelerde hizmet sunuyoruz.<br \/>K\u0131sa s\u00fcrede g\u00fcncel teknolojisi ve uzman kadrosu ile uluslararas\u0131 standartlarda hasta kabul\u00fc sa\u011flayan firmam\u0131z ailesi olarak Sa\u00e7 ekimi ve tedavileri, Plastik Cerrahi ve medikal estetik alanlar\u0131nda, Di\u015f \u0130mplantoloji ve di\u011fer Di\u015f tedavileri ve her hangi T\u0131bbi Te\u015fhis ve Tedavileri , Obesite ve \u015feker hastal\u0131\u011f\u0131na kar\u015f\u0131 yap\u0131lan mide k\u00fc\u00e7\u00fcltme (Sleeve Gastrektomi ve di\u011fer mide ameliyatlar\u0131na y\u00f6nelik yap\u0131lan mide operasyonlar\u0131) ve b\u00fct\u00fcn Kanserlerin Cerrahi ve Onkolojik tedavileri ile ilgili i\u015flemlerin \u0130stanbuldaki de\u011fi\u015fik Hastaneler,Klinikler ve Sa\u011fl\u0131k kurulu\u015flar\u0131nda ve hangi doktora en iyi \u015fekilde tedavi ve i\u015flemleri yapt\u0131rmada bir ayr\u0131ca uzman kadrolar\u0131m\u0131zla yard\u0131mc\u0131 olmaktay\u0131z.<br \/>Firmam\u0131z Amerika Birle\u015fi Devletleri, Canada, Avusturalya, Avrupa, Rusya, Hindistan, Orta Do\u011fu \u00dclkeleri ve \u00c7in gibi bir \u00e7ok \u00fclkede yapt\u0131rd\u0131\u011f\u0131m\u0131z ara\u015ft\u0131rmalara g\u00f6re yukar\u0131da sayd\u0131\u011f\u0131m\u0131z b\u00fct\u00fcn sa\u011fl\u0131k hizmetlerinin kalite ve maliyeti en iyi \u00fclkelerin ba\u015f\u0131nda gelmekte olup ve bu hizmetleri en y\u00fcksek kalitede ve en uygun fiyatlarda \u0130stanbul gibi d\u00fcnyan\u0131n en tarihi ve g\u00fczel metropollerin ba\u015f\u0131nda olan bir \u015fehirde bu hizmetleri vermekte gurur duyuyoruz.<br \/>T\u00fcm hastalar\u0131m\u0131za multidispliner bak\u0131\u015f a\u00e7\u0131s\u0131yla yakla\u015ft\u0131\u011f\u0131m\u0131z firmam\u0131z\u0131n Ailesi\u2019ne d\u00fcnyan\u0131n en iyi standartlar\u0131nda sa\u011fl\u0131k hizmetlerini vermekteyiz.<br \/>Ayr\u0131ca ekibimizin medikal d\u0131\u015f\u0131 destek gurubu yurt d\u0131\u015f\u0131ndan gelen hastalar\u0131m\u0131z\u0131n \u00dc\u00e7ak bileti , Havaliman\u0131-Hotel aras\u0131nda Transfer, ikame edecekleri hotellerin se\u00e7imi ve rezervasyonu ve \u0130stanbul gibi d\u00fcnyan\u0131n en g\u00fczel ve tarihi \u015fehiri g\u00fcvende gezmelerinde yard\u0131mc\u0131 olmaktad\u0131r.<\/p>\t\t\t\t\t\t<\/div>\n\t\t\t\t<\/div>\n\t\t\t\t<div class=\"elementor-element elementor-element-92a2a75 elementor-widget-divider--view-line elementor-widget elementor-widget-divider\" data-id=\"92a2a75\" data-element_type=\"widget\" data-widget_type=\"divider.default\">\n\t\t\t\t<div class=\"elementor-widget-container\">\n\t\t\t<style>\/*! elementor - v3.5.3 - 28-12-2021 *\/\n.elementor-widget-divider{--divider-border-style:none;--divider-border-width:1px;--divider-color:#2c2c2c;--divider-icon-size:20px;--divider-element-spacing:10px;--divider-pattern-height:24px;--divider-pattern-size:20px;--divider-pattern-url:none;--divider-pattern-repeat:repeat-x}.elementor-widget-divider .elementor-divider{display:-webkit-box;display:-ms-flexbox;display:flex}.elementor-widget-divider .elementor-divider__text{font-size:15px;line-height:1;max-width:95%}.elementor-widget-divider .elementor-divider__element{margin:0 var(--divider-element-spacing);-ms-flex-negative:0;flex-shrink:0}.elementor-widget-divider .elementor-icon{font-size:var(--divider-icon-size)}.elementor-widget-divider .elementor-divider-separator{display:-webkit-box;display:-ms-flexbox;display:flex;margin:0;direction:ltr}.elementor-widget-divider--view-line_icon .elementor-divider-separator,.elementor-widget-divider--view-line_text .elementor-divider-separator{-webkit-box-align:center;-ms-flex-align:center;align-items:center}.elementor-widget-divider--view-line_icon .elementor-divider-separator:after,.elementor-widget-divider--view-line_icon .elementor-divider-separator:before,.elementor-widget-divider--view-line_text .elementor-divider-separator:after,.elementor-widget-divider--view-line_text .elementor-divider-separator:before{display:block;content:\"\";border-bottom:0;-webkit-box-flex:1;-ms-flex-positive:1;flex-grow:1;border-top:var(--divider-border-width) var(--divider-border-style) var(--divider-color)}.elementor-widget-divider--element-align-left .elementor-divider .elementor-divider-separator>.elementor-divider__svg:first-of-type{-webkit-box-flex:0;-ms-flex-positive:0;flex-grow:0;-ms-flex-negative:100;flex-shrink:100}.elementor-widget-divider--element-align-left .elementor-divider-separator:before{content:none}.elementor-widget-divider--element-align-left .elementor-divider__element{margin-left:0}.elementor-widget-divider--element-align-right .elementor-divider .elementor-divider-separator>.elementor-divider__svg:last-of-type{-webkit-box-flex:0;-ms-flex-positive:0;flex-grow:0;-ms-flex-negative:100;flex-shrink:100}.elementor-widget-divider--element-align-right .elementor-divider-separator:after{content:none}.elementor-widget-divider--element-align-right .elementor-divider__element{margin-right:0}.elementor-widget-divider:not(.elementor-widget-divider--view-line_text):not(.elementor-widget-divider--view-line_icon) .elementor-divider-separator{border-top:var(--divider-border-width) var(--divider-border-style) var(--divider-color)}.elementor-widget-divider--separator-type-pattern{--divider-border-style:none}.elementor-widget-divider--separator-type-pattern.elementor-widget-divider--view-line .elementor-divider-separator,.elementor-widget-divider--separator-type-pattern:not(.elementor-widget-divider--view-line) .elementor-divider-separator:after,.elementor-widget-divider--separator-type-pattern:not(.elementor-widget-divider--view-line) .elementor-divider-separator:before,.elementor-widget-divider--separator-type-pattern:not([class*=elementor-widget-divider--view]) .elementor-divider-separator{width:100%;min-height:var(--divider-pattern-height);-webkit-mask-size:var(--divider-pattern-size) 100%;mask-size:var(--divider-pattern-size) 100%;-webkit-mask-repeat:var(--divider-pattern-repeat);mask-repeat:var(--divider-pattern-repeat);background-color:var(--divider-color);-webkit-mask-image:var(--divider-pattern-url);mask-image:var(--divider-pattern-url)}.elementor-widget-divider--no-spacing{--divider-pattern-size:auto}.elementor-widget-divider--bg-round{--divider-pattern-repeat:round}.rtl .elementor-widget-divider .elementor-divider__text{direction:rtl}<\/style>\t\t<div class=\"elementor-divider\">\n\t\t\t<span class=\"elementor-divider-separator\">\n\t\t\t\t\t\t<\/span>\n\t\t<\/div>\n\t\t\t\t<\/div>\n\t\t\t\t<\/div>\n\t\t\t\t\t<\/div>\n\t\t<\/div>\n\t\t\t\t\t\t\t<\/div>\n\t\t<\/section>\n\t\t\t\t<section class=\"elementor-section elementor-top-section elementor-element elementor-element-927fc27 elementor-section-stretched elementor-section-boxed elementor-section-height-default elementor-section-height-default\" data-id=\"927fc27\" data-element_type=\"section\" data-settings=\"{&quot;stretch_section&quot;:&quot;section-stretched&quot;}\">\n\t\t\t\t\t\t<div class=\"elementor-container elementor-column-gap-default\">\n\t\t\t\t\t<div class=\"elementor-column elementor-col-66 elementor-top-column elementor-element elementor-element-0777bba\" data-id=\"0777bba\" data-element_type=\"column\">\n\t\t\t<div class=\"elementor-widget-wrap elementor-element-populated\">\n\t\t\t\t\t\t\t\t<div class=\"elementor-element elementor-element-4ae9321 elementor-widget elementor-widget-heading\" data-id=\"4ae9321\" data-element_type=\"widget\" data-widget_type=\"heading.default\">\n\t\t\t\t<div class=\"elementor-widget-container\">\n\t\t\t<h3 class=\"elementor-heading-title elementor-size-default\">Kendi Hakk\u0131mda:\n<\/h3>\t\t<\/div>\n\t\t\t\t<\/div>\n\t\t\t\t<div class=\"elementor-element elementor-element-b83b7f2 elementor-widget elementor-widget-text-editor\" data-id=\"b83b7f2\" data-element_type=\"widget\" data-widget_type=\"text-editor.default\">\n\t\t\t\t<div class=\"elementor-widget-container\">\n\t\t\t\t\t\t\t<p>Ben Rad Dr Hamid ABBASZADEH \u0130stanbul \u00dcniversitesi, \u0130stanbul T\u0131p Fakultesi Radiodiagnostik Ana Bilim Dal\u0131nda e\u011fitimimi tamamlad\u0131ktan sonra y\u00fcksek e\u011fitimim i\u00e7in Amerika Birle\u015fik Devletleri California eyaletine gidip ve y\u00fcksek Radioloji e\u011fitimimi Amerika Birle\u015fik Devletlerinde devam edip ve orada gereken t\u0131bbi denklik s\u0131navlar\u0131n\u0131 ge\u00e7tikten sonra California eyaletinde b\u00fcy\u00fck bir vak\u0131f hastane grubunda 8 y\u0131l \u00e7al\u0131\u015ft\u0131p ve \u00e7ok fazla say\u0131da Radioloji b\u00f6l\u00fcm\u00fcyle ilgili kurslara kat\u0131l\u0131p ve gereken e\u011fitimi al\u0131p ve sertifikalar\u0131 ald\u0131ktan sonra \u0130stanbula geri d\u00f6n\u00fcp ve \u0130stanbul \u00dcniversitesi T\u0131p Fak\u00fcltesi Radyoloji Ana Bilim Dal\u0131nda \u00e7al\u0131\u015fm\u0131\u015f olup ve daha sonra \u0130stanbulda bulunan ve halen \u00e7al\u0131\u015fmalar\u0131ma devam etti\u011fim iki \u00f6zel Cerrahi T\u0131p Merkezi ve ayr\u0131ca k\u0131smi zamanl\u0131 olarak bir \u00dcniversitede \u00d6\u011fretim \u00fcyesi olarak \u00e7al\u0131\u015fmalar\u0131ma devam etmekteyim.<br \/>Bu arada T\u00fcrkiye ve yurtd\u0131\u015f\u0131nda bulunan \u00e7ok fazla say\u0131da ulusal ve uluslararas\u0131 Radioloji kurslar\u0131na kat\u0131l\u0131p ve gereken sertifikalar\u0131 alm\u0131\u015f bulunmaktay\u0131m.<\/p>\t\t\t\t\t\t<\/div>\n\t\t\t\t<\/div>\n\t\t\t\t\t<\/div>\n\t\t<\/div>\n\t\t\t\t<div class=\"elementor-column elementor-col-33 elementor-top-column elementor-element elementor-element-f93f64d\" data-id=\"f93f64d\" data-element_type=\"column\">\n\t\t\t<div class=\"elementor-widget-wrap elementor-element-populated\">\n\t\t\t\t\t\t\t\t<div class=\"elementor-element elementor-element-8f2d3b7 elementor-widget elementor-widget-image\" data-id=\"8f2d3b7\" data-element_type=\"widget\" data-widget_type=\"image.default\">\n\t\t\t\t<div class=\"elementor-widget-container\">\n\t\t\t<style>\/*! elementor - v3.5.3 - 28-12-2021 *\/\n.elementor-widget-image{text-align:center}.elementor-widget-image a{display:inline-block}.elementor-widget-image a img[src$=\".svg\"]{width:48px}.elementor-widget-image img{vertical-align:middle;display:inline-block}<\/style>\t\t\t\t\t\t\t\t\t\t\t\t<img loading=\"lazy\" decoding=\"async\" width=\"1024\" height=\"1016\" src=\"https:\/\/dr-abbaszadeh.com\/wp-content\/uploads\/2022\/07\/WhatsApp-Image-2022-07-06-at-3.33.05-PM-1024x1016.jpeg\" class=\"attachment-large size-large\" alt=\"\" srcset=\"https:\/\/dr-abbaszadeh.com\/wp-content\/uploads\/2022\/07\/WhatsApp-Image-2022-07-06-at-3.33.05-PM-1024x1016.jpeg 1024w, https:\/\/dr-abbaszadeh.com\/wp-content\/uploads\/2022\/07\/WhatsApp-Image-2022-07-06-at-3.33.05-PM-300x298.jpeg 300w, https:\/\/dr-abbaszadeh.com\/wp-content\/uploads\/2022\/07\/WhatsApp-Image-2022-07-06-at-3.33.05-PM-150x150.jpeg 150w, https:\/\/dr-abbaszadeh.com\/wp-content\/uploads\/2022\/07\/WhatsApp-Image-2022-07-06-at-3.33.05-PM-768x762.jpeg 768w, https:\/\/dr-abbaszadeh.com\/wp-content\/uploads\/2022\/07\/WhatsApp-Image-2022-07-06-at-3.33.05-PM-147x146.jpeg 147w, https:\/\/dr-abbaszadeh.com\/wp-content\/uploads\/2022\/07\/WhatsApp-Image-2022-07-06-at-3.33.05-PM-50x50.jpeg 50w, https:\/\/dr-abbaszadeh.com\/wp-content\/uploads\/2022\/07\/WhatsApp-Image-2022-07-06-at-3.33.05-PM-76x75.jpeg 76w, https:\/\/dr-abbaszadeh.com\/wp-content\/uploads\/2022\/07\/WhatsApp-Image-2022-07-06-at-3.33.05-PM-85x85.jpeg 85w, https:\/\/dr-abbaszadeh.com\/wp-content\/uploads\/2022\/07\/WhatsApp-Image-2022-07-06-at-3.33.05-PM-80x80.jpeg 80w, https:\/\/dr-abbaszadeh.com\/wp-content\/uploads\/2022\/07\/WhatsApp-Image-2022-07-06-at-3.33.05-PM.jpeg 1125w\" sizes=\"auto, (max-width: 1024px) 100vw, 1024px\" \/>\t\t\t\t\t\t\t\t\t\t\t\t\t\t\t<\/div>\n\t\t\t\t<\/div>\n\t\t\t\t\t<\/div>\n\t\t<\/div>\n\t\t\t\t\t\t\t<\/div>\n\t\t<\/section>\n\t\t\t\t<section class=\"elementor-section elementor-top-section elementor-element elementor-element-a5f55c6 elementor-section-stretched elementor-section-boxed elementor-section-height-default elementor-section-height-default\" data-id=\"a5f55c6\" data-element_type=\"section\" data-settings=\"{&quot;stretch_section&quot;:&quot;section-stretched&quot;,&quot;background_background&quot;:&quot;classic&quot;}\">\n\t\t\t\t\t\t<div class=\"elementor-container elementor-column-gap-default\">\n\t\t\t\t\t<div class=\"elementor-column elementor-col-100 elementor-top-column elementor-element elementor-element-2576f14\" data-id=\"2576f14\" data-element_type=\"column\">\n\t\t\t<div class=\"elementor-widget-wrap elementor-element-populated\">\n\t\t\t\t\t\t\t\t<section class=\"elementor-section elementor-inner-section elementor-element elementor-element-2bee3a0 elementor-section-boxed elementor-section-height-default elementor-section-height-default\" data-id=\"2bee3a0\" data-element_type=\"section\" data-settings=\"{&quot;shape_divider_top&quot;:&quot;triangle&quot;}\">\n\t\t\t\t\t<div class=\"elementor-shape elementor-shape-top\" data-negative=\"false\">\n\t\t\t<svg xmlns=\"http:\/\/www.w3.org\/2000\/svg\" viewBox=\"0 0 1000 100\" preserveAspectRatio=\"none\">\n\t<path class=\"elementor-shape-fill\" d=\"M500,98.9L0,6.1V0h1000v6.1L500,98.9z\"\/>\n<\/svg>\t\t<\/div>\n\t\t\t\t\t<div class=\"elementor-container elementor-column-gap-default\">\n\t\t\t\t\t<div class=\"elementor-column elementor-col-100 elementor-inner-column elementor-element elementor-element-42c2f4e\" data-id=\"42c2f4e\" data-element_type=\"column\">\n\t\t\t<div class=\"elementor-widget-wrap\">\n\t\t\t\t\t\t\t\t\t<\/div>\n\t\t<\/div>\n\t\t\t\t\t\t\t<\/div>\n\t\t<\/section>\n\t\t\t\t<div class=\"elementor-element elementor-element-a570ed9 elementor-widget elementor-widget-image\" data-id=\"a570ed9\" data-element_type=\"widget\" data-widget_type=\"image.default\">\n\t\t\t\t<div class=\"elementor-widget-container\">\n\t\t\t\t\t\t\t\t\t\t\t\t\t\t\t<img loading=\"lazy\" decoding=\"async\" width=\"300\" height=\"180\" src=\"https:\/\/dr-abbaszadeh.com\/wp-content\/uploads\/2022\/06\/logo-dr.abbaszadeh2-300x180.png\" class=\"attachment-medium size-medium\" alt=\"\" srcset=\"https:\/\/dr-abbaszadeh.com\/wp-content\/uploads\/2022\/06\/logo-dr.abbaszadeh2-300x180.png 300w, https:\/\/dr-abbaszadeh.com\/wp-content\/uploads\/2022\/06\/logo-dr.abbaszadeh2-1024x615.png 1024w, https:\/\/dr-abbaszadeh.com\/wp-content\/uploads\/2022\/06\/logo-dr.abbaszadeh2-768x462.png 768w, https:\/\/dr-abbaszadeh.com\/wp-content\/uploads\/2022\/06\/logo-dr.abbaszadeh2-243x146.png 243w, https:\/\/dr-abbaszadeh.com\/wp-content\/uploads\/2022\/06\/logo-dr.abbaszadeh2-50x30.png 50w, https:\/\/dr-abbaszadeh.com\/wp-content\/uploads\/2022\/06\/logo-dr.abbaszadeh2-125x75.png 125w, https:\/\/dr-abbaszadeh.com\/wp-content\/uploads\/2022\/06\/logo-dr.abbaszadeh2.png 1070w\" sizes=\"auto, (max-width: 300px) 100vw, 300px\" \/>\t\t\t\t\t\t\t\t\t\t\t\t\t\t\t<\/div>\n\t\t\t\t<\/div>\n\t\t\t\t<div class=\"elementor-element elementor-element-185f676 elementor-widget elementor-widget-heading\" data-id=\"185f676\" data-element_type=\"widget\" data-widget_type=\"heading.default\">\n\t\t\t\t<div class=\"elementor-widget-container\">\n\t\t\t<h3 class=\"elementor-heading-title elementor-size-default\">B\u0130Z\u0130MLE \u015eANSLI OLUN!<\/h3>\t\t<\/div>\n\t\t\t\t<\/div>\n\t\t\t\t<div class=\"elementor-element elementor-element-64620e8 elementor-widget elementor-widget-text-editor\" data-id=\"64620e8\" data-element_type=\"widget\" data-widget_type=\"text-editor.default\">\n\t\t\t\t<div class=\"elementor-widget-container\">\n\t\t\t\t\t\t\t<p>&#8220;\u015eansl\u0131y\u0131m&#8220; se\u00e7ene\u011fini t\u0131klay\u0131n ve en son tekliflerimizi ve fiyatlar\u0131m\u0131z\u0131 \u00f6\u011frenin.<\/p>\t\t\t\t\t\t<\/div>\n\t\t\t\t<\/div>\n\t\t\t\t<div class=\"elementor-element elementor-element-9168b1d elementor-align-center elementor-widget elementor-widget-button\" data-id=\"9168b1d\" data-element_type=\"widget\" data-widget_type=\"button.default\">\n\t\t\t\t<div class=\"elementor-widget-container\">\n\t\t\t\t\t<div class=\"elementor-button-wrapper\">\n\t\t\t<a href=\"#\" class=\"elementor-button-link elementor-button elementor-size-sm\" role=\"button\">\n\t\t\t\t\t\t<span class=\"elementor-button-content-wrapper\">\n\t\t\t\t\t\t<span class=\"elementor-button-text\">\u015eansl\u0131y\u0131m<\/span>\n\t\t<\/span>\n\t\t\t\t\t<\/a>\n\t\t<\/div>\n\t\t\t\t<\/div>\n\t\t\t\t<\/div>\n\t\t\t\t\t<\/div>\n\t\t<\/div>\n\t\t\t\t\t\t\t<\/div>\n\t\t<\/section>\n\t\t\t\t\t\t<\/div>\n\t\t\t\t\t<\/div>\n\t\t","protected":false},"excerpt":{"rendered":"<p>Hakk\u0131m\u0131zda: Sa\u011fl\u0131k sekt\u00f6r\u00fcne g\u00f6nl\u00fcm\u00fcz\u00fc vererek uzun y\u0131llar \u00f6nce bu yolda ilk ad\u0131mlar\u0131m\u0131z\u0131 atarak bug\u00fcn \u0130stanbulda bulunan bir ka\u00e7 T\u0131p Merkezi, Klinikler ve de\u011fi\u015fik hastanelerde hizmet sunuyoruz.K\u0131sa<span class=\"excerpt-hellip\"> [\u2026]<\/span><\/p>\n","protected":false},"author":1,"featured_media":0,"parent":0,"menu_order":0,"comment_status":"closed","ping_status":"closed","template":"","meta":{"footnotes":""},"class_list":["post-87","page","type-page","status-publish","hentry"],"_links":{"self":[{"href":"https:\/\/dr-abbaszadeh.com\/tr\/wp-json\/wp\/v2\/pages\/87","targetHints":{"allow":["GET"]}}],"collection":[{"href":"https:\/\/dr-abbaszadeh.com\/tr\/wp-json\/wp\/v2\/pages"}],"about":[{"href":"https:\/\/dr-abbaszadeh.com\/tr\/wp-json\/wp\/v2\/types\/page"}],"author":[{"embeddable":true,"href":"https:\/\/dr-abbaszadeh.com\/tr\/wp-json\/wp\/v2\/users\/1"}],"replies":[{"embeddable":true,"href":"https:\/\/dr-abbaszadeh.com\/tr\/wp-json\/wp\/v2\/comments?post=87"}],"version-history":[{"count":59,"href":"https:\/\/dr-abbaszadeh.com\/tr\/wp-json\/wp\/v2\/pages\/87\/revisions"}],"predecessor-version":[{"id":1389,"href":"https:\/\/dr-abbaszadeh.com\/tr\/wp-json\/wp\/v2\/pages\/87\/revisions\/1389"}],"wp:attachment":[{"href":"https:\/\/dr-abbaszadeh.com\/tr\/wp-json\/wp\/v2\/media?parent=87"}],"curies":[{"name":"wp","href":"https:\/\/api.w.org\/{rel}","templated":true}]}}